{"id":11938,"date":"2024-05-18T16:21:22","date_gmt":"2024-05-18T21:21:22","guid":{"rendered":"https:\/\/vemundotour.com\/pt\/?page_id=11938"},"modified":"2024-06-15T08:54:50","modified_gmt":"2024-06-15T13:54:50","slug":"aviso-legal","status":"publish","type":"page","link":"https:\/\/vemundotour.com\/pt\/aviso-legal\/","title":{"rendered":"Aviso Legal"},"content":{"rendered":"<div class=\"wpb-content-wrapper\"><p>[vc_row][vc_column]\t\t<div id=\"wd-666d9d1bb7648\" class=\"wd-text-block wd-wpb reset-last-child wd-rs-666d9d1bb7648 text-left \">\n\t\t\t<p>As presentes Condi\u00e7\u00f5es de Utiliza\u00e7\u00e3o regulam o acesso, navega\u00e7\u00e3o e utiliza\u00e7\u00e3o deste site (doravante, o \u201cSite\u201d).<\/p>\n<h4><strong>1.- Direito \u00e0 informa\u00e7\u00e3o<\/strong><\/h4>\n<p>Informamos que a propriedade do Site atrav\u00e9s do dom\u00ednio: https:\/\/VEMundoTour.com (doravante, o \u201cSite\u201d), \u00e9 propriedade da VE Digital, com Registro Nacional de Turismo n\u00ba 142619, em Bogot\u00e1, Col\u00f4mbia.<\/p>\n<p>O acesso e\/ou utiliza\u00e7\u00e3o do Site atribui-lhe a qualidade de utilizador, e aceita, a partir desse acesso e\/ou utiliza\u00e7\u00e3o, o presente Aviso Legal.<\/p>\n<p>O usu\u00e1rio (doravante, o \u201cUsu\u00e1rio\u201d) poder\u00e1 entrar em contato com VE MUNDO atrav\u00e9s de VEMundoTour.com\/contacto<\/p>\n<p>As Administra\u00e7\u00f5es P\u00fablicas que pretendam contactar a VE MUNDO dever\u00e3o faz\u00ea-lo atrav\u00e9s do email contato@VE MundoTour.com<\/p>\n<h4><strong>2.- Utiliza\u00e7\u00e3o do Site<\/strong><\/h4>\n<p>O Usu\u00e1rio assume a responsabilidade pela utiliza\u00e7\u00e3o do Site VE MUNDO. O Site poder\u00e1 fornecer acesso a uma infinidade de textos, gr\u00e1ficos, desenhos, desenhos, fotografias, conte\u00fados multim\u00eddia e informa\u00e7\u00f5es (doravante, os \u00abConte\u00fados\u00bb) pertencentes \u00e0 VE MUNDO ou a terceiros aos quais o Usu\u00e1rio possa ter acesso.<\/p>\n<p>O Usu\u00e1rio compromete-se a fazer uso adequado dos Conte\u00fados e Servi\u00e7os oferecidos atrav\u00e9s do Site e, a t\u00edtulo de exemplo, mas n\u00e3o limitado a, n\u00e3o utiliz\u00e1-los para:<\/p>\n<p>(i) Envolver-se em atividades il\u00edcitas, ilegais ou contr\u00e1rias \u00e0 boa-f\u00e9 e \u00e0 ordem p\u00fablica.<\/p>\n<p>(ii) Causar danos aos sistemas f\u00edsicos e l\u00f3gicos do Site VE MUNDO, de seus fornecedores ou de terceiros.<\/p>\n<p>(iii) Introduzir ou espalhar v\u00edrus inform\u00e1ticos ou quaisquer outros sistemas f\u00edsicos ou l\u00f3gicos na rede que possam causar os danos acima mencionados.<\/p>\n<p>(iv) Tentativa de acesso, utiliza\u00e7\u00e3o e\/ou manipula\u00e7\u00e3o de dados da VE MUNDO, de terceiros fornecedores e de outros usu\u00e1rios.<\/p>\n<p>(v) Reproduzir ou copiar, distribuir, permitir o acesso p\u00fablico atrav\u00e9s de qualquer forma de comunica\u00e7\u00e3o p\u00fablica, transformar ou modificar os Conte\u00fados, salvo autoriza\u00e7\u00e3o da VE MUNDO.<\/p>\n<p>(vi) Excluir, ocultar ou manipular os Conte\u00fados sujeitos a direitos de propriedade intelectual ou industrial e outros dados que identifiquem esses direitos da VE MUNDO ou de terceiros incorporados aos Conte\u00fados, bem como os dispositivos t\u00e9cnicos de prote\u00e7\u00e3o ou quaisquer mecanismos de informa\u00e7\u00e3o que possam ser inseridos nos Conte\u00fados. o conte\u00fado.<\/p>\n<p>VE MUNDO alerta que os materiais contidos neste site foram inclu\u00eddos apenas para fins informativos, raz\u00e3o pela qual s\u00e3o insuficientes para tomar decis\u00f5es ou tomar posi\u00e7\u00f5es num caso espec\u00edfico.<\/p>\n<p>O Usu\u00e1rio deve levar em considera\u00e7\u00e3o que os materiais contidos neste site podem n\u00e3o refletir a situa\u00e7\u00e3o legislativa ou jurisprudencial mais recente sobre os temas analisados. Da mesma forma, estes materiais podem ser modificados, desenvolvidos ou atualizados sem aviso pr\u00e9vio.<\/p>\n<p>VE MUNDO ter\u00e1 o direito de investigar e denunciar qualquer uma das condutas acima mencionadas de acordo com a Lei, bem como de colaborar com as autoridades na investiga\u00e7\u00e3o de tais a\u00e7\u00f5es.<\/p>\n<p>A VE MUNDO poder\u00e1 suspender temporariamente, sem aviso pr\u00e9vio, a acessibilidade ao Site para opera\u00e7\u00f5es de manuten\u00e7\u00e3o, repara\u00e7\u00e3o, atualiza\u00e7\u00e3o ou melhoria. No entanto, sempre que as circunst\u00e2ncias o permitam, a VE MUNDO informar\u00e1 o Utilizador, com anteced\u00eancia suficiente, da data prevista para a suspens\u00e3o dos Servi\u00e7os. VE MUNDO n\u00e3o se responsabiliza pela utiliza\u00e7\u00e3o que os Usu\u00e1rios possam fazer dos Conte\u00fados inclu\u00eddos no Site.<\/p>\n<h4><strong>3.- Propriedade Intelectual e Industrial<\/strong><\/h4>\n<p>Todos os direitos de propriedade intelectual do Conte\u00fado do Site e do seu design gr\u00e1fico s\u00e3o propriedade exclusiva da VE MUNDO, ou de terceiro que tenha autorizado a utiliza\u00e7\u00e3o dos mesmos, pelo que \u00e9 a VE MUNDO quem \u00e9 respons\u00e1vel pelo exerc\u00edcio exclusivo da sua explora\u00e7\u00e3o. direitos. Por este motivo e por for\u00e7a do disposto na legisla\u00e7\u00e3o aplic\u00e1vel em mat\u00e9ria de Direitos de Propriedade Intelectual e Industrial.<\/p>\n<p>VE MUNDO n\u00e3o concede qualquer licen\u00e7a ou autoriza\u00e7\u00e3o de utiliza\u00e7\u00e3o de qualquer esp\u00e9cie sobre os seus direitos de propriedade intelectual e industrial ou qualquer outra propriedade ou direito relacionado com o Site, os Servi\u00e7os ou os seus Conte\u00fados.<\/p>\n<p>A reprodu\u00e7\u00e3o e armazenamento tempor\u00e1rio do conte\u00fado do Site \u00e9 permitida desde que seja estritamente necess\u00e1rio para a utiliza\u00e7\u00e3o e visualiza\u00e7\u00e3o do Site a partir de um dispositivo pessoal.<\/p>\n<p>A legitimidade dos direitos de propriedade intelectual ou industrial correspondentes aos Conte\u00fados fornecidos pelos utilizadores \u00e9 da exclusiva responsabilidade dos utilizadores, pelo que o Utilizador isentar\u00e1 a VE MUNDO de qualquer reclama\u00e7\u00e3o de terceiros derivada da utiliza\u00e7\u00e3o il\u00edcita dos Conte\u00fados do Site. Rede.<\/p>\n<h4><strong>4.- Responsabilidade e Garantias<\/strong><\/h4>\n<p>A VE MUNDO declara que adotou as medidas necess\u00e1rias que, dentro das suas possibilidades e do estado da tecnologia, permitem o correto funcionamento do seu Site, bem como a aus\u00eancia de v\u00edrus e componentes nocivos. No entanto, a VE MUNDO n\u00e3o pode ser responsabilizada por:<\/p>\n<p>(i) A continuidade e disponibilidade dos Conte\u00fados e Servi\u00e7os.<\/p>\n<p>(ii) A aus\u00eancia de erros nos referidos Conte\u00fados nem a corre\u00e7\u00e3o de qualquer defeito que possa ocorrer.<\/p>\n<p>(iii) A aus\u00eancia de v\u00edrus e\/ou outros componentes nocivos.<\/p>\n<p>(iv) Danos ou preju\u00edzos causados \u200b\u200bpor qualquer pessoa que viole os sistemas de seguran\u00e7a da VE MUNDO.<\/p>\n<p>As contribui\u00e7\u00f5es que podem ser encontradas nestas p\u00e1ginas foram feitas apenas para fins informativos. VE MUNDO n\u00e3o garante a integridade, exatid\u00e3o e atualidade dos seus conte\u00fados.<\/p>\n<p>VE MUNDO n\u00e3o assume qualquer responsabilidade pelos links para outras p\u00e1ginas web encontradas no Site e poder\u00e1 direcionar o Usu\u00e1rio para outros sites sobre os quais VE MUNDO n\u00e3o tem qualquer tipo de controle, portanto a inclus\u00e3o de links para outros sites O site n\u00e3o implicar\u00e1 a aprova\u00e7\u00e3o do seu conte\u00fado pela VE MUNDO nem a exist\u00eancia de qualquer tipo de associa\u00e7\u00e3o entre a VE MUNDO e os seus propriet\u00e1rios. Portanto, o Usu\u00e1rio acessa os Conte\u00fados sob sua exclusiva responsabilidade e nas condi\u00e7\u00f5es de uso que os regem.<\/p>\n<h4><strong>5.- Dura\u00e7\u00e3o e modifica\u00e7\u00e3o<\/strong><\/h4>\n<p>Este Aviso Legal ter\u00e1 validade indeterminada, podendo a VE MUNDO alterar as condi\u00e7\u00f5es nele especificadas, as quais entrar\u00e3o em vigor a partir do momento da sua publica\u00e7\u00e3o.<\/p>\n<p>VE MUNDO poder\u00e1 eliminar, adicionar ou alterar tanto o Conte\u00fado como os Servi\u00e7os que presta, bem como a forma como s\u00e3o localizados ou apresentados. Entende-se que est\u00e3o em vigor as condi\u00e7\u00f5es que se publicam no momento em que o Utilizador acede ao Site VE MUNDO.<\/p>\n<p>O acesso e\/ou utiliza\u00e7\u00e3o do Site ser\u00e1 entendido como a aceita\u00e7\u00e3o por parte do Usu\u00e1rio deste Aviso Legal e de suas condi\u00e7\u00f5es e, se for o caso, das altera\u00e7\u00f5es neles efetuadas.<\/p>\n\t\t<\/div>\n\t\t[\/vc_column][\/vc_row]<\/p>\n<\/div>","protected":false},"excerpt":{"rendered":"<p>[vc_row][vc_column][\/vc_column][\/vc_row]<\/p>\n","protected":false},"author":1,"featured_media":0,"parent":0,"menu_order":0,"comment_status":"closed","ping_status":"closed","template":"","meta":{"footnotes":""},"class_list":["post-11938","page","type-page","status-publish","hentry"],"_links":{"self":[{"href":"https:\/\/vemundotour.com\/pt\/wp-json\/wp\/v2\/pages\/11938","targetHints":{"allow":["GET"]}}],"collection":[{"href":"https:\/\/vemundotour.com\/pt\/wp-json\/wp\/v2\/pages"}],"about":[{"href":"https:\/\/vemundotour.com\/pt\/wp-json\/wp\/v2\/types\/page"}],"author":[{"embeddable":true,"href":"https:\/\/vemundotour.com\/pt\/wp-json\/wp\/v2\/users\/1"}],"replies":[{"embeddable":true,"href":"https:\/\/vemundotour.com\/pt\/wp-json\/wp\/v2\/comments?post=11938"}],"version-history":[{"count":0,"href":"https:\/\/vemundotour.com\/pt\/wp-json\/wp\/v2\/pages\/11938\/revisions"}],"wp:attachment":[{"href":"https:\/\/vemundotour.com\/pt\/wp-json\/wp\/v2\/media?parent=11938"}],"curies":[{"name":"wp","href":"https:\/\/api.w.org\/{rel}","templated":true}]}}