{"id":11422,"date":"2024-03-19T17:45:48","date_gmt":"2024-03-19T21:45:48","guid":{"rendered":"https:\/\/vemundotour.com\/nl\/?page_id=11422"},"modified":"2024-06-10T15:49:49","modified_gmt":"2024-06-10T20:49:49","slug":"getuigenissen","status":"publish","type":"page","link":"https:\/\/vemundotour.com\/nl\/getuigenissen\/","title":{"rendered":"Wat onze reizigers zeggen?"},"content":{"rendered":"<div class=\"wpb-content-wrapper\"><p>[vc_row css=\u00bb.vc_custom_1629882751518{margin-top: 40px !important;margin-bottom: 80px !important;}\u00bb wd_z_index=\u00bbno\u00bb woodmart_css_id=\u00bb6126097247672&#8243; responsive_spacing=\u00bbeyJwYXJhbV90eXBlIjoid29vZG1hcnRfcmVzcG9uc2l2ZV9zcGFjaW5nIiwic2VsZWN0b3JfaWQiOiI2MTI2MDk3MjQ3NjcyIiwic2hvcnRjb2RlIjoidmNfcm93IiwiZGF0YSI6eyJ0YWJsZXQiOnt9LCJtb2JpbGUiOnsibWFyZ2luLXRvcCI6IjIwIiwibWFyZ2luLWJvdHRvbSI6IjYwIn19fQ==\u00bb mobile_bg_img_hidden=\u00bbno\u00bb tablet_bg_img_hidden=\u00bbno\u00bb woodmart_parallax=\u00bb0&#8243; woodmart_gradient_switch=\u00bbno\u00bb row_reverse_mobile=\u00bb0&#8243; row_reverse_tablet=\u00bb0&#8243; woodmart_disable_overflow=\u00bb0&#8243;][vc_column offset=\u00bbvc_col-lg-offset-3 vc_col-lg-6 vc_col-md-offset-3 vc_col-md-6&#8243;]\n\t\t<div id=\"wd-666766c3b562f\" class=\"title-wrapper wd-wpb wd-set-mb reset-last-child  wd-rs-666766c3b562f wd-title-color-default wd-title-style-default text-center vc_custom_1718052564207 wd-width-custom wd-underline-colored\">\n\t\t\t\n\t\t\t<div class=\"liner-continer\">\n\t\t\t\t<h4 class=\"woodmart-title-container title  wd-font-weight- wd-fontsize-xxl\" >Wat onze reizigers zeggen?<\/h4>\n\t\t\t\t\t\t\t<\/div>\n\t\t\t\n\t\t\t\t\t\t\t<div class=\"title-after_title reset-last-child  wd-fontsize-s\">Ontdek wat onze klanten te zeggen hebben over hun ervaringen met VE Mundo. Lees hun authentieke getuigenissen en ontdek waarom wij de nummer \u00e9\u00e9n keuze zijn om Bogot\u00e1 te verkennen. Laat je inspireren door hun verhalen en ga met ons mee op je volgende avontuur!<\/div>\n\t\t\t\n\t\t\t\n\t\t<\/div>\n\t\t\n\t\t[\/vc_column][\/vc_row][vc_row][vc_column][vc_row_inner][vc_column_inner width=\u00bb1\/2&#8243;][\/vc_column_inner][vc_column_inner width=\u00bb1\/2&#8243;][vc_column_text css=\u00bb\u00bb woodmart_inline=\u00bbno\u00bb text_larger=\u00bbno\u00bb]<img loading=\"lazy\" decoding=\"async\" class=\"aligncenter size-full wp-image-11824\" src=\"https:\/\/vemundotour.com\/nl\/wp-content\/uploads\/2024\/05\/Testimonio-_004.png\" alt=\"\" width=\"745\" height=\"807\" title=\"\" srcset=\"https:\/\/vemundotour.com\/nl\/wp-content\/uploads\/2024\/05\/Testimonio-_004.png 745w, https:\/\/vemundotour.com\/nl\/wp-content\/uploads\/2024\/05\/Testimonio-_004-277x300.png 277w, https:\/\/vemundotour.com\/nl\/wp-content\/uploads\/2024\/05\/Testimonio-_004-739x800.png 739w, https:\/\/vemundotour.com\/nl\/wp-content\/uploads\/2024\/05\/Testimonio-_004-646x700.png 646w, https:\/\/vemundotour.com\/nl\/wp-content\/uploads\/2024\/05\/Testimonio-_004-150x162.png 150w\" sizes=\"auto, (max-width: 745px) 100vw, 745px\" \/>[\/vc_column_text][\/vc_column_inner][\/vc_row_inner][vc_row_inner][vc_column_inner width=\u00bb1\/2&#8243;][vc_column_text css=\u00bb\u00bb woodmart_inline=\u00bbno\u00bb text_larger=\u00bbno\u00bb]<img loading=\"lazy\" decoding=\"async\" class=\"aligncenter size-full wp-image-11821\" src=\"https:\/\/vemundotour.com\/nl\/wp-content\/uploads\/2024\/05\/Testimonio-_002.png\" alt=\"\" width=\"740\" height=\"745\" title=\"\" srcset=\"https:\/\/vemundotour.com\/nl\/wp-content\/uploads\/2024\/05\/Testimonio-_002.png 740w, https:\/\/vemundotour.com\/nl\/wp-content\/uploads\/2024\/05\/Testimonio-_002-298x300.png 298w, https:\/\/vemundotour.com\/nl\/wp-content\/uploads\/2024\/05\/Testimonio-_002-150x151.png 150w, https:\/\/vemundotour.com\/nl\/wp-content\/uploads\/2024\/05\/Testimonio-_002-695x700.png 695w\" sizes=\"auto, (max-width: 740px) 100vw, 740px\" \/>[\/vc_column_text][\/vc_column_inner][vc_column_inner width=\u00bb1\/2&#8243;][vc_column_text css=\u00bb\u00bb woodmart_inline=\u00bbno\u00bb text_larger=\u00bbno\u00bb]<img loading=\"lazy\" decoding=\"async\" class=\"aligncenter size-full wp-image-11822\" src=\"https:\/\/vemundotour.com\/nl\/wp-content\/uploads\/2024\/05\/Testimonio-_005.png\" alt=\"\" width=\"733\" height=\"218\" title=\"\" srcset=\"https:\/\/vemundotour.com\/nl\/wp-content\/uploads\/2024\/05\/Testimonio-_005.png 733w, https:\/\/vemundotour.com\/nl\/wp-content\/uploads\/2024\/05\/Testimonio-_005-400x119.png 400w, https:\/\/vemundotour.com\/nl\/wp-content\/uploads\/2024\/05\/Testimonio-_005-700x208.png 700w, https:\/\/vemundotour.com\/nl\/wp-content\/uploads\/2024\/05\/Testimonio-_005-150x45.png 150w\" sizes=\"auto, (max-width: 733px) 100vw, 733px\" \/><img loading=\"lazy\" decoding=\"async\" class=\"aligncenter size-full wp-image-11823\" src=\"https:\/\/vemundotour.com\/nl\/wp-content\/uploads\/2024\/05\/Testimonio-_003.png\" alt=\"\" width=\"741\" height=\"462\" title=\"\" srcset=\"https:\/\/vemundotour.com\/nl\/wp-content\/uploads\/2024\/05\/Testimonio-_003.png 741w, https:\/\/vemundotour.com\/nl\/wp-content\/uploads\/2024\/05\/Testimonio-_003-400x249.png 400w, https:\/\/vemundotour.com\/nl\/wp-content\/uploads\/2024\/05\/Testimonio-_003-700x436.png 700w, https:\/\/vemundotour.com\/nl\/wp-content\/uploads\/2024\/05\/Testimonio-_003-150x94.png 150w\" sizes=\"auto, (max-width: 741px) 100vw, 741px\" \/>[\/vc_column_text][\/vc_column_inner][\/vc_row_inner][vc_row_inner][vc_column_inner][vc_column_text css=\u00bb\u00bb woodmart_inline=\u00bbno\u00bb text_larger=\u00bbno\u00bb]<img loading=\"lazy\" decoding=\"async\" class=\"aligncenter size-full wp-image-11814\" src=\"https:\/\/vemundotour.com\/nl\/wp-content\/uploads\/2024\/05\/Testimonio-0003.png\" alt=\"\" width=\"1312\" height=\"432\" title=\"\" srcset=\"https:\/\/vemundotour.com\/nl\/wp-content\/uploads\/2024\/05\/Testimonio-0003.png 1312w, https:\/\/vemundotour.com\/nl\/wp-content\/uploads\/2024\/05\/Testimonio-0003-400x132.png 400w, https:\/\/vemundotour.com\/nl\/wp-content\/uploads\/2024\/05\/Testimonio-0003-1300x428.png 1300w, https:\/\/vemundotour.com\/nl\/wp-content\/uploads\/2024\/05\/Testimonio-0003-768x253.png 768w, https:\/\/vemundotour.com\/nl\/wp-content\/uploads\/2024\/05\/Testimonio-0003-700x230.png 700w, https:\/\/vemundotour.com\/nl\/wp-content\/uploads\/2024\/05\/Testimonio-0003-150x49.png 150w\" sizes=\"auto, (max-width: 1312px) 100vw, 1312px\" \/><\/p>\n<p><img loading=\"lazy\" decoding=\"async\" class=\"aligncenter size-full wp-image-11813\" src=\"https:\/\/vemundotour.com\/nl\/wp-content\/uploads\/2024\/05\/Testimonio-0004.png\" alt=\"\" width=\"1336\" height=\"924\" title=\"\" srcset=\"https:\/\/vemundotour.com\/nl\/wp-content\/uploads\/2024\/05\/Testimonio-0004.png 1336w, https:\/\/vemundotour.com\/nl\/wp-content\/uploads\/2024\/05\/Testimonio-0004-400x277.png 400w, https:\/\/vemundotour.com\/nl\/wp-content\/uploads\/2024\/05\/Testimonio-0004-1157x800.png 1157w, https:\/\/vemundotour.com\/nl\/wp-content\/uploads\/2024\/05\/Testimonio-0004-768x531.png 768w, https:\/\/vemundotour.com\/nl\/wp-content\/uploads\/2024\/05\/Testimonio-0004-700x484.png 700w, https:\/\/vemundotour.com\/nl\/wp-content\/uploads\/2024\/05\/Testimonio-0004-150x104.png 150w\" sizes=\"auto, (max-width: 1336px) 100vw, 1336px\" \/><img loading=\"lazy\" decoding=\"async\" class=\"aligncenter size-full wp-image-11815\" src=\"https:\/\/vemundotour.com\/nl\/wp-content\/uploads\/2024\/05\/Testimonio-0002.png\" alt=\"\" width=\"1027\" height=\"432\" title=\"\" srcset=\"https:\/\/vemundotour.com\/nl\/wp-content\/uploads\/2024\/05\/Testimonio-0002.png 1027w, https:\/\/vemundotour.com\/nl\/wp-content\/uploads\/2024\/05\/Testimonio-0002-400x168.png 400w, https:\/\/vemundotour.com\/nl\/wp-content\/uploads\/2024\/05\/Testimonio-0002-768x323.png 768w, https:\/\/vemundotour.com\/nl\/wp-content\/uploads\/2024\/05\/Testimonio-0002-700x294.png 700w, https:\/\/vemundotour.com\/nl\/wp-content\/uploads\/2024\/05\/Testimonio-0002-150x63.png 150w\" sizes=\"auto, (max-width: 1027px) 100vw, 1027px\" \/><img loading=\"lazy\" decoding=\"async\" class=\"aligncenter size-full wp-image-11816\" src=\"https:\/\/vemundotour.com\/nl\/wp-content\/uploads\/2024\/05\/Testimonio-0001.png\" alt=\"\" width=\"998\" height=\"602\" title=\"\" srcset=\"https:\/\/vemundotour.com\/nl\/wp-content\/uploads\/2024\/05\/Testimonio-0001.png 998w, https:\/\/vemundotour.com\/nl\/wp-content\/uploads\/2024\/05\/Testimonio-0001-400x241.png 400w, https:\/\/vemundotour.com\/nl\/wp-content\/uploads\/2024\/05\/Testimonio-0001-768x463.png 768w, https:\/\/vemundotour.com\/nl\/wp-content\/uploads\/2024\/05\/Testimonio-0001-700x422.png 700w, https:\/\/vemundotour.com\/nl\/wp-content\/uploads\/2024\/05\/Testimonio-0001-150x90.png 150w\" sizes=\"auto, (max-width: 998px) 100vw, 998px\" \/>[\/vc_column_text][\/vc_column_inner][\/vc_row_inner][vc_empty_space][vc_row_inner][vc_column_inner width=\u00bb1\/2&#8243;][vc_column_text css=\u00bb\u00bb woodmart_inline=\u00bbno\u00bb text_larger=\u00bbno\u00bb]<img loading=\"lazy\" decoding=\"async\" class=\"aligncenter wp-image-11436 size-full\" src=\"https:\/\/vemundotour.com\/nl\/wp-content\/uploads\/2024\/03\/Testimonios-1.png\" alt=\"\" width=\"751\" height=\"782\" title=\"\" srcset=\"https:\/\/vemundotour.com\/nl\/wp-content\/uploads\/2024\/03\/Testimonios-1.png 751w, https:\/\/vemundotour.com\/nl\/wp-content\/uploads\/2024\/03\/Testimonios-1-288x300.png 288w, https:\/\/vemundotour.com\/nl\/wp-content\/uploads\/2024\/03\/Testimonios-1-672x700.png 672w, https:\/\/vemundotour.com\/nl\/wp-content\/uploads\/2024\/03\/Testimonios-1-150x156.png 150w\" sizes=\"auto, (max-width: 751px) 100vw, 751px\" \/>[\/vc_column_text][vc_column_text css=\u00bb\u00bb woodmart_inline=\u00bbno\u00bb text_larger=\u00bbno\u00bb]<img loading=\"lazy\" decoding=\"async\" class=\"aligncenter size-full wp-image-11820\" src=\"https:\/\/vemundotour.com\/nl\/wp-content\/uploads\/2024\/05\/Testimonio-_001.png\" alt=\"\" width=\"757\" height=\"247\" title=\"\" srcset=\"https:\/\/vemundotour.com\/nl\/wp-content\/uploads\/2024\/05\/Testimonio-_001.png 757w, https:\/\/vemundotour.com\/nl\/wp-content\/uploads\/2024\/05\/Testimonio-_001-400x131.png 400w, https:\/\/vemundotour.com\/nl\/wp-content\/uploads\/2024\/05\/Testimonio-_001-700x228.png 700w, https:\/\/vemundotour.com\/nl\/wp-content\/uploads\/2024\/05\/Testimonio-_001-150x49.png 150w\" sizes=\"auto, (max-width: 757px) 100vw, 757px\" \/>[\/vc_column_text][\/vc_column_inner][vc_column_inner width=\u00bb1\/2&#8243;][vc_column_text woodmart_inline=\u00bbno\u00bb text_larger=\u00bbno\u00bb]<img loading=\"lazy\" decoding=\"async\" class=\"aligncenter wp-image-11435 size-full\" src=\"https:\/\/vemundotour.com\/nl\/wp-content\/uploads\/2024\/03\/Testimonios-2.png\" alt=\"\" width=\"771\" height=\"562\" title=\"\" srcset=\"https:\/\/vemundotour.com\/nl\/wp-content\/uploads\/2024\/03\/Testimonios-2.png 771w, https:\/\/vemundotour.com\/nl\/wp-content\/uploads\/2024\/03\/Testimonios-2-400x292.png 400w, https:\/\/vemundotour.com\/nl\/wp-content\/uploads\/2024\/03\/Testimonios-2-768x560.png 768w, https:\/\/vemundotour.com\/nl\/wp-content\/uploads\/2024\/03\/Testimonios-2-700x510.png 700w, https:\/\/vemundotour.com\/nl\/wp-content\/uploads\/2024\/03\/Testimonios-2-150x109.png 150w\" sizes=\"auto, (max-width: 771px) 100vw, 771px\" \/>[\/vc_column_text][vc_column_text css=\u00bb\u00bb woodmart_inline=\u00bbno\u00bb text_larger=\u00bbno\u00bb]<img loading=\"lazy\" decoding=\"async\" class=\"aligncenter size-full wp-image-11812\" src=\"https:\/\/vemundotour.com\/nl\/wp-content\/uploads\/2024\/05\/Testimonio-0005.png\" alt=\"\" width=\"767\" height=\"577\" title=\"\" srcset=\"https:\/\/vemundotour.com\/nl\/wp-content\/uploads\/2024\/05\/Testimonio-0005.png 767w, https:\/\/vemundotour.com\/nl\/wp-content\/uploads\/2024\/05\/Testimonio-0005-400x300.png 400w, https:\/\/vemundotour.com\/nl\/wp-content\/uploads\/2024\/05\/Testimonio-0005-430x323.png 430w, https:\/\/vemundotour.com\/nl\/wp-content\/uploads\/2024\/05\/Testimonio-0005-700x527.png 700w, https:\/\/vemundotour.com\/nl\/wp-content\/uploads\/2024\/05\/Testimonio-0005-150x113.png 150w\" sizes=\"auto, (max-width: 767px) 100vw, 767px\" \/>[\/vc_column_text][\/vc_column_inner][\/vc_row_inner][vc_row_inner][vc_column_inner width=\u00bb1\/2&#8243;][vc_column_text woodmart_inline=\u00bbno\u00bb text_larger=\u00bbno\u00bb]<img loading=\"lazy\" decoding=\"async\" class=\"aligncenter wp-image-11434 size-full\" src=\"https:\/\/vemundotour.com\/nl\/wp-content\/uploads\/2024\/03\/Testimonios-3.png\" alt=\"\" width=\"747\" height=\"307\" title=\"\" srcset=\"https:\/\/vemundotour.com\/nl\/wp-content\/uploads\/2024\/03\/Testimonios-3.png 747w, https:\/\/vemundotour.com\/nl\/wp-content\/uploads\/2024\/03\/Testimonios-3-400x164.png 400w, https:\/\/vemundotour.com\/nl\/wp-content\/uploads\/2024\/03\/Testimonios-3-700x288.png 700w, https:\/\/vemundotour.com\/nl\/wp-content\/uploads\/2024\/03\/Testimonios-3-150x62.png 150w\" sizes=\"auto, (max-width: 747px) 100vw, 747px\" \/>[\/vc_column_text][\/vc_column_inner][vc_column_inner width=\u00bb1\/2&#8243;][vc_column_text woodmart_inline=\u00bbno\u00bb text_larger=\u00bbno\u00bb]<img loading=\"lazy\" decoding=\"async\" class=\"aligncenter wp-image-11433 size-full\" src=\"https:\/\/vemundotour.com\/nl\/wp-content\/uploads\/2024\/03\/Testimonios-4.png\" alt=\"\" width=\"741\" height=\"367\" title=\"\" srcset=\"https:\/\/vemundotour.com\/nl\/wp-content\/uploads\/2024\/03\/Testimonios-4.png 741w, https:\/\/vemundotour.com\/nl\/wp-content\/uploads\/2024\/03\/Testimonios-4-400x198.png 400w, https:\/\/vemundotour.com\/nl\/wp-content\/uploads\/2024\/03\/Testimonios-4-700x347.png 700w, https:\/\/vemundotour.com\/nl\/wp-content\/uploads\/2024\/03\/Testimonios-4-150x74.png 150w\" sizes=\"auto, (max-width: 741px) 100vw, 741px\" \/>[\/vc_column_text][\/vc_column_inner][\/vc_row_inner][vc_row_inner][vc_column_inner width=\u00bb1\/2&#8243;][vc_column_text woodmart_inline=\u00bbno\u00bb text_larger=\u00bbno\u00bb]<img loading=\"lazy\" decoding=\"async\" class=\"aligncenter wp-image-11432 size-full\" src=\"https:\/\/vemundotour.com\/nl\/wp-content\/uploads\/2024\/03\/Testimonios-5.png\" alt=\"\" width=\"772\" height=\"675\" title=\"\" srcset=\"https:\/\/vemundotour.com\/nl\/wp-content\/uploads\/2024\/03\/Testimonios-5.png 772w, https:\/\/vemundotour.com\/nl\/wp-content\/uploads\/2024\/03\/Testimonios-5-343x300.png 343w, https:\/\/vemundotour.com\/nl\/wp-content\/uploads\/2024\/03\/Testimonios-5-768x672.png 768w, https:\/\/vemundotour.com\/nl\/wp-content\/uploads\/2024\/03\/Testimonios-5-700x612.png 700w, https:\/\/vemundotour.com\/nl\/wp-content\/uploads\/2024\/03\/Testimonios-5-150x131.png 150w\" sizes=\"auto, (max-width: 772px) 100vw, 772px\" \/>[\/vc_column_text][\/vc_column_inner][vc_column_inner width=\u00bb1\/2&#8243;][vc_column_text woodmart_inline=\u00bbno\u00bb text_larger=\u00bbno\u00bb]<img loading=\"lazy\" decoding=\"async\" class=\"aligncenter wp-image-11431 size-full\" src=\"https:\/\/vemundotour.com\/nl\/wp-content\/uploads\/2024\/03\/Testimonios-6.png\" alt=\"\" width=\"737\" height=\"532\" title=\"\" srcset=\"https:\/\/vemundotour.com\/nl\/wp-content\/uploads\/2024\/03\/Testimonios-6.png 737w, https:\/\/vemundotour.com\/nl\/wp-content\/uploads\/2024\/03\/Testimonios-6-400x289.png 400w, https:\/\/vemundotour.com\/nl\/wp-content\/uploads\/2024\/03\/Testimonios-6-700x505.png 700w, https:\/\/vemundotour.com\/nl\/wp-content\/uploads\/2024\/03\/Testimonios-6-150x108.png 150w\" sizes=\"auto, (max-width: 737px) 100vw, 737px\" \/>[\/vc_column_text][\/vc_column_inner][\/vc_row_inner][vc_row_inner][vc_column_inner width=\u00bb1\/2&#8243;][vc_column_text woodmart_inline=\u00bbno\u00bb text_larger=\u00bbno\u00bb]<img loading=\"lazy\" decoding=\"async\" class=\"aligncenter wp-image-11430 size-full\" src=\"https:\/\/vemundotour.com\/nl\/wp-content\/uploads\/2024\/03\/Testimonios-7.png\" alt=\"\" width=\"756\" height=\"517\" title=\"\" srcset=\"https:\/\/vemundotour.com\/nl\/wp-content\/uploads\/2024\/03\/Testimonios-7.png 756w, https:\/\/vemundotour.com\/nl\/wp-content\/uploads\/2024\/03\/Testimonios-7-400x274.png 400w, https:\/\/vemundotour.com\/nl\/wp-content\/uploads\/2024\/03\/Testimonios-7-700x479.png 700w, https:\/\/vemundotour.com\/nl\/wp-content\/uploads\/2024\/03\/Testimonios-7-150x103.png 150w\" sizes=\"auto, (max-width: 756px) 100vw, 756px\" \/>[\/vc_column_text][\/vc_column_inner][vc_column_inner width=\u00bb1\/2&#8243;][vc_column_text woodmart_inline=\u00bbno\u00bb text_larger=\u00bbno\u00bb]<img loading=\"lazy\" decoding=\"async\" class=\"aligncenter size-full wp-image-11441\" src=\"https:\/\/vemundotour.com\/nl\/wp-content\/uploads\/2024\/03\/Testimonios-10.png\" alt=\"\" width=\"728\" height=\"581\" title=\"\" srcset=\"https:\/\/vemundotour.com\/nl\/wp-content\/uploads\/2024\/03\/Testimonios-10.png 728w, https:\/\/vemundotour.com\/nl\/wp-content\/uploads\/2024\/03\/Testimonios-10-376x300.png 376w, https:\/\/vemundotour.com\/nl\/wp-content\/uploads\/2024\/03\/Testimonios-10-700x559.png 700w, https:\/\/vemundotour.com\/nl\/wp-content\/uploads\/2024\/03\/Testimonios-10-150x120.png 150w\" sizes=\"auto, (max-width: 728px) 100vw, 728px\" \/>[\/vc_column_text][\/vc_column_inner][\/vc_row_inner][vc_row_inner][vc_column_inner width=\u00bb1\/2&#8243;][vc_column_text woodmart_inline=\u00bbno\u00bb text_larger=\u00bbno\u00bb]<img loading=\"lazy\" decoding=\"async\" class=\"aligncenter size-full wp-image-11442\" src=\"https:\/\/vemundotour.com\/nl\/wp-content\/uploads\/2024\/03\/Testimonios-11.png\" alt=\"\" width=\"768\" height=\"712\" title=\"\" srcset=\"https:\/\/vemundotour.com\/nl\/wp-content\/uploads\/2024\/03\/Testimonios-11.png 768w, https:\/\/vemundotour.com\/nl\/wp-content\/uploads\/2024\/03\/Testimonios-11-324x300.png 324w, https:\/\/vemundotour.com\/nl\/wp-content\/uploads\/2024\/03\/Testimonios-11-700x649.png 700w, https:\/\/vemundotour.com\/nl\/wp-content\/uploads\/2024\/03\/Testimonios-11-150x139.png 150w\" sizes=\"auto, (max-width: 768px) 100vw, 768px\" \/>[\/vc_column_text][\/vc_column_inner][vc_column_inner width=\u00bb1\/2&#8243;][vc_column_text woodmart_inline=\u00bbno\u00bb text_larger=\u00bbno\u00bb]<img loading=\"lazy\" decoding=\"async\" class=\"aligncenter size-full wp-image-11443\" src=\"https:\/\/vemundotour.com\/nl\/wp-content\/uploads\/2024\/03\/Testimonios-12.png\" alt=\"\" width=\"738\" height=\"407\" title=\"\" srcset=\"https:\/\/vemundotour.com\/nl\/wp-content\/uploads\/2024\/03\/Testimonios-12.png 738w, https:\/\/vemundotour.com\/nl\/wp-content\/uploads\/2024\/03\/Testimonios-12-400x221.png 400w, https:\/\/vemundotour.com\/nl\/wp-content\/uploads\/2024\/03\/Testimonios-12-700x386.png 700w, https:\/\/vemundotour.com\/nl\/wp-content\/uploads\/2024\/03\/Testimonios-12-150x83.png 150w\" sizes=\"auto, (max-width: 738px) 100vw, 738px\" \/>[\/vc_column_text][\/vc_column_inner][\/vc_row_inner][vc_column_text woodmart_inline=\u00bbno\u00bb text_larger=\u00bbno\u00bb]<img loading=\"lazy\" decoding=\"async\" class=\"aligncenter wp-image-11429 size-full\" src=\"https:\/\/vemundotour.com\/nl\/wp-content\/uploads\/2024\/03\/Testimonios-8.png\" alt=\"\" width=\"991\" height=\"637\" title=\"\" srcset=\"https:\/\/vemundotour.com\/nl\/wp-content\/uploads\/2024\/03\/Testimonios-8.png 991w, https:\/\/vemundotour.com\/nl\/wp-content\/uploads\/2024\/03\/Testimonios-8-400x257.png 400w, https:\/\/vemundotour.com\/nl\/wp-content\/uploads\/2024\/03\/Testimonios-8-768x494.png 768w, https:\/\/vemundotour.com\/nl\/wp-content\/uploads\/2024\/03\/Testimonios-8-700x450.png 700w, https:\/\/vemundotour.com\/nl\/wp-content\/uploads\/2024\/03\/Testimonios-8-150x96.png 150w\" sizes=\"auto, (max-width: 991px) 100vw, 991px\" \/>[\/vc_column_text][vc_column_text woodmart_inline=\u00bbno\u00bb text_larger=\u00bbno\u00bb]<img loading=\"lazy\" decoding=\"async\" class=\"aligncenter wp-image-11428 size-full\" src=\"https:\/\/vemundotour.com\/nl\/wp-content\/uploads\/2024\/03\/Testimonios-9.png\" alt=\"\" width=\"1023\" height=\"641\" title=\"\" srcset=\"https:\/\/vemundotour.com\/nl\/wp-content\/uploads\/2024\/03\/Testimonios-9.png 1023w, https:\/\/vemundotour.com\/nl\/wp-content\/uploads\/2024\/03\/Testimonios-9-400x251.png 400w, https:\/\/vemundotour.com\/nl\/wp-content\/uploads\/2024\/03\/Testimonios-9-768x481.png 768w, https:\/\/vemundotour.com\/nl\/wp-content\/uploads\/2024\/03\/Testimonios-9-700x439.png 700w, https:\/\/vemundotour.com\/nl\/wp-content\/uploads\/2024\/03\/Testimonios-9-150x94.png 150w\" sizes=\"auto, (max-width: 1023px) 100vw, 1023px\" \/>[\/vc_column_text][\/vc_column][vc_column][\/vc_column][vc_column][\/vc_column][\/vc_row][vc_row][vc_column][vc_empty_space][vc_row_inner][vc_column_inner][vc_column_text woodmart_inline=\u00bbno\u00bb text_larger=\u00bbno\u00bb] [\/vc_column_text][\/vc_column_inner][\/vc_row_inner][\/vc_column][\/vc_row]<\/p>\n<\/div>","protected":false},"excerpt":{"rendered":"<p>[vc_row css=\u00bb.vc_custom_1629882751518{margin-top: 40px !important;margin-bottom: 80px !important;}\u00bb wd_z_index=\u00bbno\u00bb woodmart_css_id=\u00bb6126097247672&#8243; responsive_spacing=\u00bbeyJwYXJhbV90eXBlIjoid29vZG1hcnRfcmVzcG9uc2l2ZV9zcGFjaW5nIiwic2VsZWN0b3JfaWQiOiI2MTI2MDk3MjQ3NjcyIiwic2hvcnRjb2RlIjoidmNfcm93IiwiZGF0YSI6eyJ0YWJsZXQiOnt9LCJtb2JpbGUiOnsibWFyZ2luLXRvcCI6IjIwIiwibWFyZ2luLWJvdHRvbSI6IjYwIn19fQ==\u00bb mobile_bg_img_hidden=\u00bbno\u00bb tablet_bg_img_hidden=\u00bbno\u00bb woodmart_parallax=\u00bb0&#8243; woodmart_gradient_switch=\u00bbno\u00bb row_reverse_mobile=\u00bb0&#8243; row_reverse_tablet=\u00bb0&#8243; woodmart_disable_overflow=\u00bb0&#8243;][vc_column offset=\u00bbvc_col-lg-offset-3 vc_col-lg-6 vc_col-md-offset-3 vc_col-md-6&#8243;][\/vc_column][\/vc_row][vc_row][vc_column][vc_row_inner][vc_column_inner<\/p>\n","protected":false},"author":1,"featured_media":0,"parent":0,"menu_order":0,"comment_status":"closed","ping_status":"closed","template":"","meta":{"footnotes":""},"class_list":["post-11422","page","type-page","status-publish","hentry"],"_links":{"self":[{"href":"https:\/\/vemundotour.com\/nl\/wp-json\/wp\/v2\/pages\/11422","targetHints":{"allow":["GET"]}}],"collection":[{"href":"https:\/\/vemundotour.com\/nl\/wp-json\/wp\/v2\/pages"}],"about":[{"href":"https:\/\/vemundotour.com\/nl\/wp-json\/wp\/v2\/types\/page"}],"author":[{"embeddable":true,"href":"https:\/\/vemundotour.com\/nl\/wp-json\/wp\/v2\/users\/1"}],"replies":[{"embeddable":true,"href":"https:\/\/vemundotour.com\/nl\/wp-json\/wp\/v2\/comments?post=11422"}],"version-history":[{"count":0,"href":"https:\/\/vemundotour.com\/nl\/wp-json\/wp\/v2\/pages\/11422\/revisions"}],"wp:attachment":[{"href":"https:\/\/vemundotour.com\/nl\/wp-json\/wp\/v2\/media?parent=11422"}],"curies":[{"name":"wp","href":"https:\/\/api.w.org\/{rel}","templated":true}]}}