{"id":5331,"date":"2021-08-25T09:50:07","date_gmt":"2021-08-25T09:50:07","guid":{"rendered":"http:\/\/dummy.xtemos.com\/woodmart2\/?page_id=5331"},"modified":"2024-06-16T10:37:08","modified_gmt":"2024-06-16T15:37:08","slug":"faqs","status":"publish","type":"page","link":"https:\/\/vemundotour.com\/it\/faqs\/","title":{"rendered":"FAQs"},"content":{"rendered":"<div class=\"wpb-content-wrapper\"><p>[vc_row full_width=\u00bbstretch_row\u00bb css=\u00bb.vc_custom_1710865211262{margin-top: -38px !important;margin-bottom: 80px !important;padding-top: 270px !important;padding-bottom: 220px !important;background-image: url(https:\/\/vemundotour.com\/it\/wp-content\/uploads\/2023\/03\/VE-Mundo-Tour-Bogota-3.jpg?id=11224) !important;background-position: center !important;background-repeat: no-repeat !important;background-size: cover !important;}\u00bb wd_z_index=\u00bbno\u00bb woodmart_css_id=\u00bb65f9bb346e4a9&#8243; responsive_spacing=\u00bbeyJwYXJhbV90eXBlIjoid29vZG1hcnRfcmVzcG9uc2l2ZV9zcGFjaW5nIiwic2VsZWN0b3JfaWQiOiI2NWY5YmIzNDZlNGE5Iiwic2hvcnRjb2RlIjoidmNfcm93IiwiZGF0YSI6eyJ0YWJsZXQiOnt9LCJtb2JpbGUiOnsibWFyZ2luLWJvdHRvbSI6IjYwcHgifX19&#8243; mobile_bg_img_hidden=\u00bbno\u00bb tablet_bg_img_hidden=\u00bbno\u00bb woodmart_parallax=\u00bb0&#8243; woodmart_gradient_switch=\u00bbno\u00bb row_reverse_mobile=\u00bb0&#8243; row_reverse_tablet=\u00bb0&#8243; woodmart_disable_overflow=\u00bb0&#8243; woodmart_box_shadow=\u00bbno\u00bb][vc_column css=\u00bb.vc_custom_1629885433950{padding-top: 0px !important;}\u00bb wd_z_index=\u00bbno\u00bb woodmart_css_id=\u00bb612613f769ba5&#8243; responsive_spacing=\u00bbeyJwYXJhbV90eXBlIjoid29vZG1hcnRfcmVzcG9uc2l2ZV9zcGFjaW5nIiwic2VsZWN0b3JfaWQiOiI2MTI2MTNmNzY5YmE1Iiwic2hvcnRjb2RlIjoidmNfY29sdW1uIiwiZGF0YSI6eyJ0YWJsZXQiOnt9LCJtb2JpbGUiOnt9fX0=\u00bb parallax_scroll=\u00bbno\u00bb mobile_bg_img_hidden=\u00bbno\u00bb tablet_bg_img_hidden=\u00bbno\u00bb woodmart_parallax=\u00bb0&#8243; woodmart_sticky_column=\u00bbfalse\u00bb mobile_reset_margin=\u00bbno\u00bb tablet_reset_margin=\u00bbno\u00bb]\n\t\t<div id=\"wd-666f05f181ffd\" class=\"title-wrapper wd-wpb wd-set-mb reset-last-child  wd-rs-666f05f181ffd wd-title-color-white wd-title-style-default text-center vc_custom_1718552063738 wd-underline-colored\">\n\t\t\t\n\t\t\t<div class=\"liner-continer\">\n\t\t\t\t<h4 class=\"woodmart-title-container title  wd-font-weight- wd-fontsize-l\" >Domande e risposte<\/h4>\n\t\t\t\t\t\t\t<\/div>\n\t\t\t\n\t\t\t\t\t\t\t<div class=\"title-after_title reset-last-child  wd-fontsize-xs\">Trova le risposte alle domande pi\u00f9 comuni sulle prenotazioni,<br \/>\nmetodi di pagamento e politiche di cancellazione cos\u00ec puoi<br \/>\nPianifica la tua prossima avventura senza preoccupazioni.<\/div>\n\t\t\t\n\t\t\t\n\t\t<\/div>\n\t\t\n\t\t[\/vc_column][\/vc_row][vc_row css=\u00bb.vc_custom_1496940694752{margin-bottom: 20px !important;}\u00bb][vc_column css=\u00bb.vc_custom_1484657273903{padding-top: 0px !important;}\u00bb]\n\t\t<div id=\"wd-666f060379445\" class=\"title-wrapper wd-wpb wd-set-mb reset-last-child  wd-rs-666f060379445 wd-title-color-default wd-title-style-underlined text-left vc_custom_1718552077230 wd-underline-colored\">\n\t\t\t\n\t\t\t<div class=\"liner-continer\">\n\t\t\t\t<h4 class=\"woodmart-title-container title  wd-font-weight- wd-fontsize-l\" >INFORMAZIONI SUI TOUR A PIEDI GRATUITI<\/h4>\n\t\t\t\t\t\t\t<\/div>\n\t\t\t\n\t\t\t\n\t\t\t\n\t\t<\/div>\n\t\t\n\t\t[\/vc_column][\/vc_row][vc_row equal_height=\u00bbyes\u00bb css=\u00bb.vc_custom_1629893241850{margin-bottom: 50px !important;}\u00bb wd_z_index=\u00bbno\u00bb woodmart_css_id=\u00bb6126327347fb2&#8243; responsive_spacing=\u00bbeyJwYXJhbV90eXBlIjoid29vZG1hcnRfcmVzcG9uc2l2ZV9zcGFjaW5nIiwic2VsZWN0b3JfaWQiOiI2MTI2MzI3MzQ3ZmIyIiwic2hvcnRjb2RlIjoidmNfcm93IiwiZGF0YSI6eyJ0YWJsZXQiOnt9LCJtb2JpbGUiOnsibWFyZ2luLWJvdHRvbSI6IjMwIn19fQ==\u00bb mobile_bg_img_hidden=\u00bbno\u00bb tablet_bg_img_hidden=\u00bbno\u00bb woodmart_parallax=\u00bb0&#8243; woodmart_gradient_switch=\u00bbno\u00bb row_reverse_mobile=\u00bb0&#8243; row_reverse_tablet=\u00bb0&#8243; woodmart_disable_overflow=\u00bb0&#8243;][vc_column width=\u00bb1\/2&#8243; css=\u00bb.vc_custom_1484657119633{padding-top: 0px !important;}\u00bb]\t\t<div id=\"wd-666f061c75b48\" class=\"wd-text-block wd-wpb reset-last-child wd-rs-666f061c75b48 text-left \">\n\t\t\t<h4><strong>Qual \u00e8 la durata dei tour a piedi gratuiti?<\/strong><\/h4>\n<p>Ogni tour dura circa 3 ore e mezza. Ti consigliamo comunque di verificare la durata del tour di tuo interesse sul nostro sito.<\/p>\n<h4><strong>I \u00abfree tour\u00bb sono gratuiti?<\/strong><\/h4>\n<p>I nostri tour \u00abFree Walking\u00bb prevedono la mancia minima, pari a $ 10 a persona. Le nostre guide si sforzano di offrirti un&#8217;esperienza arricchente e divertente, condividendo la loro profonda conoscenza della storia e della cultura di Bogot\u00e0. Il tuo suggerimento \u00e8 un modo per riconoscere la loro dedizione e impegno. Se ti senti particolarmente soddisfatto dell&#8217;esperienza, ti invitiamo a prendere in considerazione l&#8217;idea di dare una mancia pi\u00f9 generosa, poich\u00e9 ci\u00f2 consente alle nostre guide di continuare a fornire tour di alta qualit\u00e0 e mantenere vivo questo prezioso servizio.<\/p>\n<h4><strong>\u00c8 necessario prenotare in anticipo per partecipare al tour?<\/strong><\/h4>\n<p>S\u00ec, \u00e8 necessario effettuare la prenotazione in anticipo. Dopo la prenotazione tramite il nostro sito web, potrai partecipare al tour presso il punto d&#8217;incontro.<\/p>\n<h4><strong>\u00c8 necessario un numero minimo di partecipanti per effettuare il tour?<\/strong><\/h4>\n<p>Questa attivit\u00e0 richiede un minimo di 6 partecipanti. Se questo numero non viene raggiunto ti contatteremo almeno 2 ore prima per proporti diverse alternative.<\/p>\n<h4><strong>Qual \u00e8 la politica di cancellazione per i \u201ctour gratuiti\u201d?<\/strong><\/h4>\n<p>Non richiediamo una carta di credito per prenotare, ma se non annulli e non partecipi al tour, non sar\u00e0 possibile accettare una nuova prenotazione da parte tua. Puoi cancellare la prenotazione fino a 6 ore prima. Perch\u00e9 stiamo facendo questo? Le persone che prenotano e non partecipano occupano posti di cui altre persone potrebbero godere.<\/p>\n<h4><strong>Quanti partecipanti ci sono solitamente nel gruppo?<\/strong><\/h4>\n<p>Generalmente manteniamo gruppi fino a 18 persone. Le nostre guide hanno la capacit\u00e0 di creare gruppi accoglienti in cui tutti si sentono impegnati e curati.<\/p>\n<h4><strong>Che tipo di degustazioni vengono offerte durante il tour gastronomico?<\/strong><\/h4>\n<p>Durante il tour avrai l&#8217;opportunit\u00e0 di provare una variet\u00e0 di prelibatezze colombiane, come frutta locale, empanadas, arepas, dolci tipici e piatti tradizionali del Llano colombiano.<\/p>\n<h4><strong>Che consiglio avete per il tour storico-gastronomico in termini di preparazione preventiva?<\/strong><\/h4>\n<p>Per il tour storico-gastronomico vi consigliamo di venire a stomaco vuoto, cos\u00ec potrete gustare tutto quello che c&#8217;\u00e8 da mangiare. Ci sono molte degustazioni lungo il tour.<\/p>\n<h4><strong>Quanti soldi devo portare per il tour storico-gastronomico?<\/strong><\/h4>\n<p>A tutte le fermate ti mostreremo i pasti e i prezzi e tu deciderai cosa mangiare e cosa condividere. Se decidete di provare tutte le degustazioni, spenderete circa 10 dollari americani (circa 50mila pesos colombiani) tra un pasto e l&#8217;altro. Ricorda che il pagamento in tutti i ristoranti e luoghi viene effettuato nella valuta locale e, nella maggior parte dei luoghi, in contanti.<\/p>\n<h4><strong>Il costo dei biglietti per le attrazioni \u00e8 incluso?<\/strong><\/h4>\n<p>Il tour pu\u00f2 includere acquisti facoltativi al mercato locale o presso i ristoranti che visiteremo, quindi \u00e8 importante tenere in considerazione le spese aggiuntive.<\/p>\n<h4><strong>Sono disponibili opzioni per i vegetariani?<\/strong><\/h4>\n<p>S\u00ec, offriamo opzioni adatte ai vegetariani. Si prega di comunicare le proprie restrizioni dietetiche alla guida all&#8217;inizio del tour e faremo del nostro meglio per soddisfare le vostre esigenze.<\/p>\n\t\t<\/div>\n\t\t[\/vc_column][vc_column width=\u00bb1\/2&#8243; css=\u00bb.vc_custom_1484657123074{padding-top: 0px !important;}\u00bb]\t\t<div id=\"wd-666f0630d806b\" class=\"wd-text-block wd-wpb reset-last-child wd-rs-666f0630d806b text-left \">\n\t\t\t<h4><strong>Che tempo fa a Bogot\u00e0 e cosa dovrei portare per il tour?<\/strong><\/h4>\n<p>Bogot\u00e1 ha un clima temperato, quindi consigliamo di indossare abiti comodi e caldi, poich\u00e9 le temperature possono essere fresche, soprattutto al mattino. Le piogge sono inaspettate, quindi consigliamo di portare un ombrello o un poncho.<\/p>\n<h4><strong>I tour sono offerti in diverse lingue oltre all&#8217;inglese e allo spagnolo?<\/strong><\/h4>\n<p>Attualmente offriamo tour in inglese e spagnolo. Tuttavia, possiamo organizzare tour in altre lingue su richiesta se avete un gruppo numeroso o esigenze linguistiche specifiche.<\/p>\n<h4><strong>Ci sono opzioni per i bambini in questo tour?<\/strong><\/h4>\n<p>S\u00ec, tutti i nostri tour sono adatti a famiglie con bambini. Le guide rendono il tour interessante per tutte le et\u00e0.<\/p>\n<h4><strong>Sono accettati pagamenti con carta di credito?<\/strong><\/h4>\n<p>In alcuni punti del percorso accettano pagamenti con carta, in altri no, perch\u00e9 il prezzo della degustazione \u00e8 molto basso. Ecco perch\u00e9 ti consigliamo di portare contanti (pesi colombiani). Per quanto riguarda la mancia alla guida, s\u00ec, accettiamo pagamenti elettronici e carte di credito per chi desidera pagare comodamente.<\/p>\n<h4><strong>Qual \u00e8 la politica di cancellazione in caso di maltempo o imprevisti?<\/strong><\/h4>\n<p>In caso di condizioni meteorologiche avverse o eventi imprevisti, il nostro team ti contatter\u00e0 per riprogrammare il tour o fornire opzioni alternative.<\/p>\n<h4><strong>Posso partecipare al tour se ho mobilit\u00e0 ridotta o bisogni speciali?<\/strong><\/h4>\n<p>Il percorso \u00e8 a piedi e alcune strade sono acciottolate. Se ci informate in anticipo, faremo del nostro meglio per accogliere le persone con mobilit\u00e0 ridotta o bisogni speciali. Fatecelo sapere in anticipo in modo che possiamo offrirti un&#8217;esperienza confortevole.<\/p>\n<h4><strong>Le guide sono locali e conoscono bene la storia e la cultura di Bogot\u00e0?<\/strong><\/h4>\n<p>S\u00ec, le nostre guide sono locali e altamente qualificate nella storia e nella cultura di Bogot\u00e0. Condivideranno la loro profonda conoscenza con te durante il tour.<\/p>\n<h4><strong>Come posso contattare VE Mundo se ho altre domande?<\/strong><\/h4>\n<p>Puoi contattarci attraverso questo sito cliccando sul pulsante WhatsApp o nella sezione contatti. Il nostro numero di telefono \u00e8 +57 324 248 36 61. Email: contacto @ vemundotour.com<\/p>\n\t\t<\/div>\n\t\t[\/vc_column][\/vc_row][vc_row css=\u00bb.vc_custom_1496940740070{margin-bottom: 20px !important;}\u00bb][vc_column css=\u00bb.vc_custom_1484657273903{padding-top: 0px !important;}\u00bb]\n\t\t<div id=\"wd-666f064466ed5\" class=\"title-wrapper wd-wpb wd-set-mb reset-last-child  wd-rs-666f064466ed5 wd-title-color-default wd-title-style-underlined text-left vc_custom_1718552136544 wd-underline-colored\">\n\t\t\t\n\t\t\t<div class=\"liner-continer\">\n\t\t\t\t<h4 class=\"woodmart-title-container title  wd-font-weight- wd-fontsize-l\" >INFORMAZIONI SUI TOUR PRIVATI<br \/>\n<\/h4>\n\t\t\t\t\t\t\t<\/div>\n\t\t\t\n\t\t\t\n\t\t\t\n\t\t<\/div>\n\t\t\n\t\t[\/vc_column][\/vc_row][vc_row equal_height=\u00bbyes\u00bb css=\u00bb.vc_custom_1629893257785{margin-bottom: 50px !important;}\u00bb wd_z_index=\u00bbno\u00bb woodmart_css_id=\u00bb6126328392954&#8243; responsive_spacing=\u00bbeyJwYXJhbV90eXBlIjoid29vZG1hcnRfcmVzcG9uc2l2ZV9zcGFjaW5nIiwic2VsZWN0b3JfaWQiOiI2MTI2MzI4MzkyOTU0Iiwic2hvcnRjb2RlIjoidmNfcm93IiwiZGF0YSI6eyJ0YWJsZXQiOnt9LCJtb2JpbGUiOnsibWFyZ2luLWJvdHRvbSI6IjMwIn19fQ==\u00bb mobile_bg_img_hidden=\u00bbno\u00bb tablet_bg_img_hidden=\u00bbno\u00bb woodmart_parallax=\u00bb0&#8243; woodmart_gradient_switch=\u00bbno\u00bb row_reverse_mobile=\u00bb0&#8243; row_reverse_tablet=\u00bb0&#8243; woodmart_disable_overflow=\u00bb0&#8243;][vc_column width=\u00bb1\/2&#8243; css=\u00bb.vc_custom_1484657119633{padding-top: 0px !important;}\u00bb]\t\t<div id=\"wd-666f0654d22bb\" class=\"wd-text-block wd-wpb reset-last-child wd-rs-666f0654d22bb text-left \">\n\t\t\t<h4><strong>Quali sono i vantaggi di prenotare un tour privato?<\/strong><\/h4>\n<p>I vantaggi includono la flessibilit\u00e0 di personalizzare l&#8217;itinerario in base ai tuoi interessi, la privacy di goderti il \u200b\u200btour solo con il tuo gruppo e l&#8217;attenzione personalizzata da parte di una guida turistica.<\/p>\n<h4><strong>Quanto costa un tour privato?<\/strong><\/h4>\n<p>Il costo di un tour privato pu\u00f2 variare a seconda della durata del tour, delle dimensioni del gruppo e delle attivit\u00e0 incluse. Ti forniremo un preventivo personalizzato una volta che ci avrai contattato con le tue preferenze.<\/p>\n<h4><strong>Posso scegliere la data e l&#8217;orario del tour privato?<\/strong><\/h4>\n<p>S\u00ec, puoi scegliere la data e l&#8217;orario che meglio si adattano ai tuoi impegni. Lavoreremo con voi per trovare la migliore opzione disponibile.<\/p>\n<h4><strong>Come posso prenotare un tour privato?<\/strong><\/h4>\n<p>Puoi prenotare un tour privato contattandoci direttamente attraverso il nostro sito web, via email o telefonicamente. Ti contatteremo per coordinare i dettagli una volta ricevuta la tua richiesta.<\/p>\n\t\t<\/div>\n\t\t[\/vc_column][vc_column width=\u00bb1\/2&#8243; css=\u00bb.vc_custom_1484657123074{padding-top: 0px !important;}\u00bb]\t\t<div id=\"wd-666f06639bce7\" class=\"wd-text-block wd-wpb reset-last-child wd-rs-666f06639bce7 text-left \">\n\t\t\t<h4><strong>Quali lingue sono disponibili per i tour privati?<\/strong><\/h4>\n<p>Offriamo tour privati \u200b\u200bin spagnolo, inglese e altre lingue su richiesta. Si prega di comunicare le proprie preferenze linguistiche al momento della prenotazione e faremo del nostro meglio per accontentarvi.<\/p>\n<h4><strong>Esiste una dimensione minima o massima del gruppo per i tour privati?<\/strong><\/h4>\n<p>Non esiste una dimensione minima del gruppo per i tour privati, ma potrebbero essere applicate tariffe speciali per piccoli gruppi. Per gruppi numerosi consigliamo di contattarci anticipatamente per garantire la disponibilit\u00e0.<\/p>\n<h4><strong>Qual \u00e8 la politica di cancellazione per i tour privati?<\/strong><\/h4>\n<p>La nostra politica di cancellazione varia a seconda del tipo di tour e delle circostanze specifiche. Ti forniremo informazioni dettagliate sulla politica di cancellazione al momento della prenotazione.<\/p>\n\t\t<\/div>\n\t\t[\/vc_column][\/vc_row][vc_row css=\u00bb.vc_custom_1493372598184{margin-bottom: 20px !important;}\u00bb][vc_column css=\u00bb.vc_custom_1484657273903{padding-top: 0px !important;}\u00bb]\n\t\t<div id=\"wd-666f067d06064\" class=\"title-wrapper wd-wpb wd-set-mb reset-last-child  wd-rs-666f067d06064 wd-title-color-default wd-title-style-underlined text-left vc_custom_1718552192177 wd-underline-colored\">\n\t\t\t\n\t\t\t<div class=\"liner-continer\">\n\t\t\t\t<h4 class=\"woodmart-title-container title  wd-font-weight- wd-fontsize-l\" >SUI PAGAMENTI<br \/>\n<\/h4>\n\t\t\t\t\t\t\t<\/div>\n\t\t\t\n\t\t\t\n\t\t\t\n\t\t<\/div>\n\t\t\n\t\t[\/vc_column][\/vc_row][vc_row equal_height=\u00bbyes\u00bb css=\u00bb.vc_custom_1496940825311{margin-bottom: 0px !important;}\u00bb][vc_column width=\u00bb1\/2&#8243; css=\u00bb.vc_custom_1484657119633{padding-top: 0px !important;}\u00bb]\t\t<div id=\"wd-666f0687d1682\" class=\"wd-text-block wd-wpb reset-last-child wd-rs-666f0687d1682 text-left \">\n\t\t\t<h4><strong>Quali metodi di pagamento accettate?<\/strong><\/h4>\n<p>Accettiamo pagamenti in contanti, bonifici bancari e carte di credito\/debito.<\/p>\n<h4><strong>\u00c8 sicuro effettuare pagamenti online tramite il tuo sito web?<\/strong><\/h4>\n<p>S\u00ec, il nostro sito web dispone di solide misure di sicurezza per proteggere le informazioni finanziarie dei nostri clienti durante le transazioni online.<\/p>\n<h4><strong>Posso pagare a rate?<\/strong><\/h4>\n<p>S\u00ec, offriamo la possibilit\u00e0 di pagare a rate per alcuni dei nostri tour. Contatta il nostro team di prenotazioni per saperne di pi\u00f9 sulle opzioni di finanziamento disponibili.<\/p>\n\t\t<\/div>\n\t\t[\/vc_column][vc_column width=\u00bb1\/2&#8243; css=\u00bb.vc_custom_1484657123074{padding-top: 0px !important;}\u00bb]\t\t<div id=\"wd-666f0696d4733\" class=\"wd-text-block wd-wpb reset-last-child wd-rs-666f0696d4733 text-left \">\n\t\t\t<h4><strong>Quando devo effettuare il pagamento completo della mia prenotazione?<\/strong><\/h4>\n<p>Il pagamento completo deve essere effettuato prima dell&#8217;inizio del tour. La scadenza del pagamento pu\u00f2 variare a seconda del tipo di tour e delle politiche di prenotazione.<\/p>\n<h4><strong>\u00c8 previsto un costo aggiuntivo per il pagamento con carta di credito?<\/strong><\/h4>\n<p>S\u00ec, ci sono costi aggiuntivi per il pagamento con carta di credito (4%).<\/p>\n<h4><strong>Posso cancellare la mia prenotazione e ottenere un rimborso?<\/strong><\/h4>\n<p>Le nostre politiche di cancellazione variano a seconda del tour e dell&#8217;anticipo con cui viene effettuata la cancellazione. Ti consigliamo di rivedere le nostre politiche di cancellazione prima di effettuare la prenotazione per dettagli specifici.<\/p>\n<h4><strong>Come posso ottenere una ricevuta del mio pagamento?<\/strong><\/h4>\n<p>Una volta completato il pagamento, riceverai una ricevuta via email che servir\u00e0 come prova della transazione. Se hai bisogno di una ricevuta aggiuntiva, non esitare a contattare il nostro servizio clienti.<\/p>\n\t\t<\/div>\n\t\t[\/vc_column][\/vc_row]<\/p>\n<\/div>","protected":false},"excerpt":{"rendered":"<p>[vc_row full_width=\u00bbstretch_row\u00bb css=\u00bb.vc_custom_1710865211262{margin-top: -38px !important;margin-bottom: 80px !important;padding-top: 270px !important;padding-bottom: 220px !important;background-image: url(https:\/\/vemundotour.com\/it\/wp-content\/uploads\/2023\/03\/VE-Mundo-Tour-Bogota-3.jpg?id=11224) !important;background-position: center !important;background-repeat: no-repeat !important;background-size: cover !important;}\u00bb wd_z_index=\u00bbno\u00bb<\/p>\n","protected":false},"author":1,"featured_media":0,"parent":0,"menu_order":0,"comment_status":"closed","ping_status":"closed","template":"","meta":{"footnotes":""},"class_list":["post-5331","page","type-page","status-publish","hentry"],"_links":{"self":[{"href":"https:\/\/vemundotour.com\/it\/wp-json\/wp\/v2\/pages\/5331","targetHints":{"allow":["GET"]}}],"collection":[{"href":"https:\/\/vemundotour.com\/it\/wp-json\/wp\/v2\/pages"}],"about":[{"href":"https:\/\/vemundotour.com\/it\/wp-json\/wp\/v2\/types\/page"}],"author":[{"embeddable":true,"href":"https:\/\/vemundotour.com\/it\/wp-json\/wp\/v2\/users\/1"}],"replies":[{"embeddable":true,"href":"https:\/\/vemundotour.com\/it\/wp-json\/wp\/v2\/comments?post=5331"}],"version-history":[{"count":0,"href":"https:\/\/vemundotour.com\/it\/wp-json\/wp\/v2\/pages\/5331\/revisions"}],"wp:attachment":[{"href":"https:\/\/vemundotour.com\/it\/wp-json\/wp\/v2\/media?parent=5331"}],"curies":[{"name":"wp","href":"https:\/\/api.w.org\/{rel}","templated":true}]}}