{"id":5311,"date":"2021-08-25T09:28:21","date_gmt":"2021-08-25T09:28:21","guid":{"rendered":"http:\/\/dummy.xtemos.com\/woodmart2\/?page_id=5311"},"modified":"2024-03-19T17:16:47","modified_gmt":"2024-03-19T21:16:47","slug":"contacto","status":"publish","type":"page","link":"https:\/\/vemundotour.com\/it\/contacto\/","title":{"rendered":"Contacto"},"content":{"rendered":"<div class=\"wpb-content-wrapper\"><p>[vc_row equal_height=\u00bbyes\u00bb css_animation=\u00bbnone\u00bb css=\u00bb.vc_custom_1498580074265{margin-right: -40px !important;margin-left: -40px !important;}\u00bb][vc_column offset=\u00bbvc_col-lg-6 vc_col-md-6&#8243; css=\u00bb.vc_custom_1496932335926{border-right-width: 1px !important;padding-top: 20px !important;padding-right: 40px !important;padding-bottom: 10px !important;padding-left: 40px !important;border-right-color: rgba(129,129,129,0.2) !important;border-right-style: solid !important;}\u00bb]\n\t\t<div id=\"wd-65f9fca0af88f\" class=\"title-wrapper wd-wpb wd-set-mb reset-last-child  wd-rs-65f9fca0af88f wd-title-color-default wd-title-style-bordered text-left vc_custom_1710881967081 wd-underline-colored\">\n\t\t\t\n\t\t\t<div class=\"liner-continer\">\n\t\t\t\t<h4 class=\"woodmart-title-container title  wd-font-weight- wd-fontsize-l\" >ENV\u00cdANOS UN E-MAIL<\/h4>\n\t\t\t\t\t\t\t<\/div>\n\t\t\t\n\t\t\t\n\t\t\t\n\t\t<\/div>\n\t\t\n\t\t\n<div class=\"wpcf7 no-js\" id=\"wpcf7-f11414-o1\" lang=\"es-ES\" dir=\"ltr\" data-wpcf7-id=\"11414\">\n<div class=\"screen-reader-response\"><p role=\"status\" aria-live=\"polite\" aria-atomic=\"true\"><\/p> <ul><\/ul><\/div>\n<form action=\"\/it\/wp-json\/wp\/v2\/pages\/5311#wpcf7-f11414-o1\" method=\"post\" class=\"wpcf7-form init\" aria-label=\"Formulario de contacto\" novalidate=\"novalidate\" data-status=\"init\">\n<div style=\"display: none;\">\n<input type=\"hidden\" name=\"_wpcf7\" value=\"11414\" \/>\n<input type=\"hidden\" name=\"_wpcf7_version\" value=\"6.0.6\" \/>\n<input type=\"hidden\" name=\"_wpcf7_locale\" value=\"es_ES\" \/>\n<input type=\"hidden\" name=\"_wpcf7_unit_tag\" value=\"wpcf7-f11414-o1\" \/>\n<input type=\"hidden\" name=\"_wpcf7_container_post\" value=\"0\" \/>\n<input type=\"hidden\" name=\"_wpcf7_posted_data_hash\" value=\"\" \/>\n<input type=\"hidden\" name=\"_wpcf7_recaptcha_response\" value=\"\" \/>\n<\/div>\n<p><label> Tu nombre y apellido<br \/>\n<span class=\"wpcf7-form-control-wrap\" data-name=\"your-name\"><input size=\"40\" maxlength=\"400\" class=\"wpcf7-form-control wpcf7-text wpcf7-validates-as-required\" autocomplete=\"name\" aria-required=\"true\" aria-invalid=\"false\" value=\"\" type=\"text\" name=\"your-name\" \/><\/span> <\/label>\n<\/p>\n<p><label> Tu correo electr\u00f3nico<br \/>\n<span class=\"wpcf7-form-control-wrap\" data-name=\"your-email\"><input size=\"40\" maxlength=\"400\" class=\"wpcf7-form-control wpcf7-email wpcf7-validates-as-required wpcf7-text wpcf7-validates-as-email\" autocomplete=\"email\" aria-required=\"true\" aria-invalid=\"false\" value=\"\" type=\"email\" name=\"your-email\" \/><\/span> <\/label>\n<\/p>\n<p><label> Tu n\u00famero de tel\u00e9fono<br \/>\n<span class=\"wpcf7-form-control-wrap\" data-name=\"tel-606\"><input size=\"40\" maxlength=\"400\" class=\"wpcf7-form-control wpcf7-tel wpcf7-validates-as-required wpcf7-text wpcf7-validates-as-tel\" aria-required=\"true\" aria-invalid=\"false\" value=\"\" type=\"tel\" name=\"tel-606\" \/><\/span> <\/label>\n<\/p>\n<p><label> Compa\u00f1\u00eda<br \/>\n<span class=\"wpcf7-form-control-wrap\" data-name=\"text-764\"><input size=\"40\" maxlength=\"400\" class=\"wpcf7-form-control wpcf7-text\" aria-invalid=\"false\" value=\"\" type=\"text\" name=\"text-764\" \/><\/span> <\/label>\n<\/p>\n<p><label> Tu pa\u00eds y ciudad<br \/>\n<span class=\"wpcf7-form-control-wrap\" data-name=\"text-277\"><input size=\"40\" maxlength=\"400\" class=\"wpcf7-form-control wpcf7-text wpcf7-validates-as-required\" aria-required=\"true\" aria-invalid=\"false\" value=\"\" type=\"text\" name=\"text-277\" \/><\/span> <\/label>\n<\/p>\n<p><label> Tu mensaje<br \/>\n<span class=\"wpcf7-form-control-wrap\" data-name=\"your-message\"><textarea cols=\"40\" rows=\"10\" maxlength=\"2000\" class=\"wpcf7-form-control wpcf7-textarea\" aria-invalid=\"false\" name=\"your-message\"><\/textarea><\/span> <\/label>\n<\/p>\n<p><label>\n\t<span class=\"wpcf7-form-control-wrap recaptcha\" data-name=\"recaptcha\"><span data-sitekey=\"6LcwzpspAAAAACij3RxjFoswWaGZQSiAzMNmGNtx\" class=\"wpcf7-form-control wpcf7-recaptcha g-recaptcha\"><\/span>\r\n<noscript>\r\n\t<div class=\"grecaptcha-noscript\">\r\n\t\t<iframe loading=\"lazy\" src=\"https:\/\/www.google.com\/recaptcha\/api\/fallback?k=6LcwzpspAAAAACij3RxjFoswWaGZQSiAzMNmGNtx\" frameborder=\"0\" scrolling=\"no\" width=\"310\" height=\"430\">\r\n\t\t<\/iframe>\r\n\t\t<textarea name=\"g-recaptcha-response\" rows=\"3\" cols=\"40\" placeholder=\"Aqu\u00ed la respuesta de reCAPTCHA\">\r\n\t\t<\/textarea>\r\n\t<\/div>\r\n<\/noscript>\r\n<\/span> <\/label>\n<\/p>\n<p><input class=\"wpcf7-form-control wpcf7-submit has-spinner\" type=\"submit\" value=\"Enviar\" \/>\n<\/p><div class=\"wpcf7-response-output\" aria-hidden=\"true\"><\/div>\n<\/form>\n<\/div>\n[\/vc_column][vc_column offset=\u00bbvc_col-lg-6 vc_col-md-6&#8243; css=\u00bb.vc_custom_1496932331302{padding-top: 20px !important;padding-right: 40px !important;padding-bottom: 10px !important;padding-left: 40px !important;}\u00bb]\n\t\t<div id=\"wd-65f9fb7d425b8\" class=\"title-wrapper wd-wpb wd-set-mb reset-last-child  wd-rs-65f9fb7d425b8 wd-title-color-default wd-title-style-bordered text-left vc_custom_1710881675943 wd-underline-colored\">\n\t\t\t\n\t\t\t<div class=\"liner-continer\">\n\t\t\t\t<h4 class=\"woodmart-title-container title  wd-font-weight- wd-fontsize-l\" >\u00bfTIENES PREGUNTAS? CONT\u00c1CTANOS<\/h4>\n\t\t\t\t\t\t\t<\/div>\n\t\t\t\n\t\t\t\n\t\t\t\n\t\t<\/div>\n\t\t\n\t\t\t\t<div id=\"wd-65f9fb650928d\" class=\"wd-text-block wd-wpb reset-last-child wd-rs-65f9fb650928d text-left \">\n\t\t\t<p>\u00a1Estamos aqu\u00ed para ayudarte! Ponte en contacto con nosotros para cualquier consulta, reserva o comentario. Completa el formulario a continuaci\u00f3n o utiliza nuestras opciones de contacto directo. \u00a1Esperamos saber de ti pronto!<\/p>\n\t\t<\/div>\n\t\t\n\t\t<div id=\"wd-65f9fb9045589\" class=\"title-wrapper wd-wpb wd-set-mb reset-last-child  wd-rs-65f9fb9045589 wd-title-color-default wd-title-style-bordered text-left vc_custom_1710881690152 wd-underline-colored\">\n\t\t\t\n\t\t\t<div class=\"liner-continer\">\n\t\t\t\t<h4 class=\"woodmart-title-container title  wd-font-weight- wd-fontsize-l\" >ESTAMOS EN L\u00cdNEA<\/h4>\n\t\t\t\t\t\t\t<\/div>\n\t\t\t\n\t\t\t\n\t\t\t\n\t\t<\/div>\n\t\t\n\t\t[vc_row_inner css=\u00bb.vc_custom_1484253288811{margin-bottom: 0px !important;}\u00bb][vc_column_inner width=\u00bb1\/2&#8243;]\t\t\t<div class=\"info-box-wrapper\">\n\t\t\t\t<div id=\"wd-65f9fbadbea9b\" class=\" wd-rs-65f9fbadbea9b wd-info-box wd-wpb text-left box-icon-align-left box-style- color-scheme- wd-bg-none wd-items-top vc_custom_1710881759773\">\n\t\t\t\t\t\t\t\t\t\t\t<div class=\"box-icon-wrapper  box-with-icon box-icon-simple\">\n\t\t\t\t\t\t\t<div class=\"info-box-icon\">\n\n\t\t\t\t\t\t\t\n\t\t\t\t\t\t\t\t\t\t\t\t\t\t\t\t\t<div class=\"info-svg-wrapper\" style=\"width: 40px;height: 40px;\"><img decoding=\"async\" src=\"https:\/\/vemundotour.com\/it\/wp-content\/uploads\/2021\/08\/w-cellphone.svg\" title=\"w-cellphone\" loading=\"lazy\" width=\"40\" height=\"40\" alt=\"\"><\/div>\t\t\t\t\t\t\t\t\t\t\t\t\t\t\t\n\t\t\t\t\t\t\t<\/div>\n\t\t\t\t\t\t<\/div>\n\t\t\t\t\t\t\t\t\t\t<div class=\"info-box-content\">\n\t\t\t\t\t\t\t\t\t\t\t\t<div class=\"info-box-inner reset-last-child\"><p><span style=\"color: #333333;\"><strong>Tel\u00e9fono:<\/strong><\/span> +57 324 248 36 61<br \/>\n<span style=\"color: #333333;\"><strong>Email:<\/strong><\/span> contacto @ vemundotour.com<\/p>\n<\/div>\n\n\t\t\t\t\t\t\t\t\t\t\t<\/div>\n\n\t\t\t\t\t\n\t\t\t\t\t\t\t\t\t<\/div>\n\t\t\t<\/div>\n\t\t[\/vc_column_inner][vc_column_inner width=\u00bb1\/2&#8243;]\t\t\t<div class=\"info-box-wrapper\">\n\t\t\t\t<div id=\"wd-65f9fbe45be1f\" class=\" wd-rs-65f9fbe45be1f wd-info-box wd-wpb text-left box-icon-align-left box-style- color-scheme- wd-bg-none wd-items-top vc_custom_1710881797752\">\n\t\t\t\t\t\t\t\t\t\t\t<div class=\"box-icon-wrapper  box-with-icon box-icon-simple\">\n\t\t\t\t\t\t\t<div class=\"info-box-icon\">\n\n\t\t\t\t\t\t\t\n\t\t\t\t\t\t\t\t\t\t\t\t\t\t\t\t\t<div class=\"info-svg-wrapper\" style=\"width: 45px;height: 45px;\"><img decoding=\"async\" src=\"https:\/\/vemundotour.com\/it\/wp-content\/uploads\/2021\/08\/w-chat.svg\" title=\"w-chat\" loading=\"lazy\" width=\"45\" height=\"45\" alt=\"\"><\/div>\t\t\t\t\t\t\t\t\t\t\t\t\t\t\t\n\t\t\t\t\t\t\t<\/div>\n\t\t\t\t\t\t<\/div>\n\t\t\t\t\t\t\t\t\t\t<div class=\"info-box-content\">\n\t\t\t\t\t\t\t\t\t\t\t\t<div class=\"info-box-inner reset-last-child\"><p><b>Estamos en l\u00ednea<br \/>\nv\u00eda Whastapp y chat<\/b><\/p>\n<\/div>\n\n\t\t\t\t\t\t\t\t\t\t\t<\/div>\n\n\t\t\t\t\t\n\t\t\t\t\t\t\t\t\t<\/div>\n\t\t\t<\/div>\n\t\t\t\t\t<div class=\"info-box-wrapper\">\n\t\t\t\t<div id=\"wd-65f9fc091dc0f\" class=\" wd-rs-65f9fc091dc0f wd-info-box wd-wpb text-left box-icon-align-left box-style- color-scheme- wd-bg-none wd-items-top vc_custom_1710881841692\">\n\t\t\t\t\t\t\t\t\t\t\t<div class=\"box-icon-wrapper  box-with-icon box-icon-simple\">\n\t\t\t\t\t\t\t<div class=\"info-box-icon\">\n\n\t\t\t\t\t\t\t\n\t\t\t\t\t\t\t\t\t\t\t\t\t\t\t\t\t<div class=\"info-svg-wrapper\" style=\"width: 40px;height: 40px;\"><img decoding=\"async\" src=\"https:\/\/vemundotour.com\/it\/wp-content\/uploads\/2021\/08\/w-map-placeholder.svg\" title=\"w-map-placeholder\" loading=\"lazy\" width=\"40\" height=\"40\" alt=\"\"><\/div>\t\t\t\t\t\t\t\t\t\t\t\t\t\t\t\n\t\t\t\t\t\t\t<\/div>\n\t\t\t\t\t\t<\/div>\n\t\t\t\t\t\t\t\t\t\t<div class=\"info-box-content\">\n\t\t\t\t\t\t\t\t\t\t\t\t<div class=\"info-box-inner reset-last-child\"><p><span style=\"color: #333333;\"><strong>Direcci\u00f3n:<\/strong><\/span> Calle 11 #3-73, La Candelaria,<br \/>\ncentro hist\u00f3rico de Bogot\u00e1<\/p>\n<\/div>\n\n\t\t\t\t\t\t\t\t\t\t\t<\/div>\n\n\t\t\t\t\t\n\t\t\t\t\t\t\t\t\t<\/div>\n\t\t\t<\/div>\n\t\t[\/vc_column_inner][\/vc_row_inner][vc_separator css=\u00bb.vc_custom_1484254145420{margin-bottom: 30px !important;}\u00bb]\t\t<div id=\"wd-65f9fc72f0378\" class=\"wd-text-block wd-wpb reset-last-child wd-rs-65f9fc72f0378 text-left wd-font-weight-600 color-title \">\n\t\t\t<p>Encuentra respuestas a las preguntas m\u00e1s comunes sobre reservas, m\u00e9todos de pago y pol\u00edticas de cancelaci\u00f3n para que puedas planificar tu pr\u00f3xima aventura sin preocupaciones. Consulta aqu\u00ed: <a href=\"https:\/\/vemundotour.com\/it\/faqs\/\">https:\/\/vemundotour.com\/it\/faqs\/<\/a><\/p>\n\t\t<\/div>\n\t\t[\/vc_column][\/vc_row][vc_row][vc_column][vc_empty_space][\/vc_column][\/vc_row][vc_row][vc_column width=\u00bb1\/2&#8243;]\n\t\t<div id=\"wd-65f9fd7e309a4\" class=\"title-wrapper wd-wpb wd-set-mb reset-last-child  wd-rs-65f9fd7e309a4 wd-title-color-default wd-title-style-bordered text-left vc_custom_1710882189860 wd-underline-colored\">\n\t\t\t\n\t\t\t<div class=\"liner-continer\">\n\t\t\t\t<h4 class=\"woodmart-title-container title  wd-font-weight- wd-fontsize-l\" >PUNTO DE ENCUENTRO DE NUESTROS TOURS<\/h4>\n\t\t\t\t\t\t\t<\/div>\n\t\t\t\n\t\t\t\n\t\t\t\n\t\t<\/div>\n\t\t\n\t\t[vc_raw_html]JTNDaWZyYW1lJTIwc3JjJTNEJTIyaHR0cHMlM0ElMkYlMkZ3d3cuZ29vZ2xlLmNvbSUyRm1hcHMlMkZkJTJGdSUyRjQlMkZlbWJlZCUzRm1pZCUzRDFPREJ3TXFrSEFuejRpUjQ3cHkzajE3ZzRkWi1TbDBjJTI2ZWhiYyUzRDJFMzEyRiUyMiUyMHdpZHRoJTNEJTIyNjQwJTIyJTIwaGVpZ2h0JTNEJTIyNDgwJTIyJTNFJTNDJTJGaWZyYW1lJTNF[\/vc_raw_html][\/vc_column][vc_column width=\u00bb1\/2&#8243;]\n\t\t<div id=\"wd-65f9fd93cf996\" class=\"title-wrapper wd-wpb wd-set-mb reset-last-child  wd-rs-65f9fd93cf996 wd-title-color-default wd-title-style-bordered text-left vc_custom_1710882213109 wd-underline-colored\">\n\t\t\t\n\t\t\t<div class=\"liner-continer\">\n\t\t\t\t<h4 class=\"woodmart-title-container title  wd-font-weight- wd-fontsize-l\" >OFICINA DE VE MUNDO<\/h4>\n\t\t\t\t\t\t\t<\/div>\n\t\t\t\n\t\t\t\n\t\t\t\n\t\t<\/div>\n\t\t\n\t\t[vc_raw_html]JTNDaWZyYW1lJTIwc3JjJTNEJTIyaHR0cHMlM0ElMkYlMkZ3d3cuZ29vZ2xlLmNvbSUyRm1hcHMlMkZkJTJGZW1iZWQlM0ZtaWQlM0QxaVFOZmpSUm5sRVdqR0tKWEJmemFOemx1eGdBUHNGZyUyNmhsJTNEZXMlMjZlaGJjJTNEMkUzMTJGJTIyJTIwd2lkdGglM0QlMjI2NDAlMjIlMjBoZWlnaHQlM0QlMjI0ODAlMjIlM0UlM0MlMkZpZnJhbWUlM0U=[\/vc_raw_html][\/vc_column][\/vc_row]<\/p>\n<\/div>","protected":false},"excerpt":{"rendered":"<p>[vc_row equal_height=\u00bbyes\u00bb css_animation=\u00bbnone\u00bb css=\u00bb.vc_custom_1498580074265{margin-right: -40px !important;margin-left: -40px !important;}\u00bb][vc_column offset=\u00bbvc_col-lg-6 vc_col-md-6&#8243; css=\u00bb.vc_custom_1496932335926{border-right-width: 1px !important;padding-top: 20px !important;padding-right: 40px !important;padding-bottom: 10px !important;padding-left: 40px<\/p>\n","protected":false},"author":1,"featured_media":0,"parent":0,"menu_order":0,"comment_status":"closed","ping_status":"closed","template":"","meta":{"footnotes":""},"class_list":["post-5311","page","type-page","status-publish","hentry"],"_links":{"self":[{"href":"https:\/\/vemundotour.com\/it\/wp-json\/wp\/v2\/pages\/5311","targetHints":{"allow":["GET"]}}],"collection":[{"href":"https:\/\/vemundotour.com\/it\/wp-json\/wp\/v2\/pages"}],"about":[{"href":"https:\/\/vemundotour.com\/it\/wp-json\/wp\/v2\/types\/page"}],"author":[{"embeddable":true,"href":"https:\/\/vemundotour.com\/it\/wp-json\/wp\/v2\/users\/1"}],"replies":[{"embeddable":true,"href":"https:\/\/vemundotour.com\/it\/wp-json\/wp\/v2\/comments?post=5311"}],"version-history":[{"count":0,"href":"https:\/\/vemundotour.com\/it\/wp-json\/wp\/v2\/pages\/5311\/revisions"}],"wp:attachment":[{"href":"https:\/\/vemundotour.com\/it\/wp-json\/wp\/v2\/media?parent=5311"}],"curies":[{"name":"wp","href":"https:\/\/api.w.org\/{rel}","templated":true}]}}