{"id":11938,"date":"2024-05-18T16:21:22","date_gmt":"2024-05-18T21:21:22","guid":{"rendered":"https:\/\/vemundotour.com\/it\/?page_id=11938"},"modified":"2024-06-16T10:45:09","modified_gmt":"2024-06-16T15:45:09","slug":"avviso-legale","status":"publish","type":"page","link":"https:\/\/vemundotour.com\/it\/avviso-legale\/","title":{"rendered":"Avviso legale"},"content":{"rendered":"<div class=\"wpb-content-wrapper\"><p>[vc_row][vc_column]\t\t<div id=\"wd-666f087bb0c6b\" class=\"wd-text-block wd-wpb reset-last-child wd-rs-666f087bb0c6b text-left \">\n\t\t\t<p>Le presenti Condizioni d&#8217;Uso regolano l&#8217;accesso, la navigazione e l&#8217;uso del presente sito web (di seguito, il \u201cSito\u201d).<\/p>\n<h4><strong>1.- Diritto all&#8217;informazione<\/strong><\/h4>\n<p>Ti informiamo che la propriet\u00e0 del Sito Web attraverso il dominio: https:\/\/VEMundoTour.com (di seguito, il \u201cSito Web\u201d), \u00e8 di propriet\u00e0 di VE Digital, con Registro Nazionale del Turismo n. 142619, a Bogot\u00e1, Colombia.<\/p>\n<p>L&#8217;accesso e\/o l&#8217;utilizzo del Sito Web ti attribuisce lo status di utente e accetti, da tale accesso e\/o utilizzo, il presente Avviso Legale.<\/p>\n<p>L&#8217;utente (di seguito, l&#8217;\u201cUtente\u201d) pu\u00f2 contattare VE MUNDO tramite VEMundoTour.com\/contacto<\/p>\n<p>Le Pubbliche Amministrazioni che desiderano contattare VE MUNDO devono farlo tramite email contacto@VE MundoTour.com<\/p>\n<h4><strong>2.- Utilizzo del Sito<\/strong><\/h4>\n<p>L&#8217;Utente si assume la responsabilit\u00e0 dell&#8217;utilizzo del Sito VE MUNDO. Il Sito Web pu\u00f2 fornire accesso a una moltitudine di testi, grafica, disegni, fotografie, contenuti multimediali e informazioni (di seguito, i \u00abContenuti\u00bb) appartenenti a VE MUNDO o a terzi a cui l&#8217;Utente pu\u00f2 avere accesso.<\/p>\n<p>L\u2019Utente si impegna a fare un uso appropriato dei Contenuti e dei Servizi offerti attraverso il Sito e, a titolo esemplificativo ma non esaustivo, a non utilizzarli per:<\/p>\n<p>(i) Coinvolgere in attivit\u00e0 illecite, illegali o contrarie alla buona fede e all&#8217;ordine pubblico.<\/p>\n<p>(ii) Causare danni ai sistemi fisici e logici del Sito VE MUNDO, dei suoi fornitori o di terzi.<\/p>\n<p>(iii) Introdurre o diffondere nella rete virus informatici o qualsiasi altro sistema fisico o logico che possa causare i suddetti danni.<\/p>\n<p>(iv) Tentare di accedere, utilizzare e\/o manipolare i dati di VE MUNDO, fornitori terzi e altri utenti.<\/p>\n<p>(v) Riprodurre o copiare, distribuire, consentire l&#8217;accesso pubblico attraverso qualsiasi forma di comunicazione pubblica, trasformare o modificare i Contenuti, salvo autorizzazione di VE MUNDO.<\/p>\n<p>(vi) Cancellare, nascondere o manipolare i Contenuti soggetti a diritti di propriet\u00e0 intellettuale o industriale e altri dati identificativi di tali diritti di VE MUNDO o di terzi incorporati nei Contenuti, nonch\u00e9 i dispositivi tecnici di protezione o qualsiasi meccanismo di informazione che possa essere inserito in i contenuti.<\/p>\n<p>VE MUNDO avverte che i materiali contenuti in questo sito sono stati inclusi solo a scopo informativo, motivo per cui non sono sufficienti per prendere decisioni o prendere posizioni in un caso specifico.<\/p>\n<p>L&#8217;Utente deve tenere conto che i materiali contenuti nel presente sito web potrebbero non riflettere il pi\u00f9 recente stato legislativo o giurisprudenziale sulle questioni analizzate. Allo stesso modo, questi materiali possono essere modificati, sviluppati o aggiornati senza preavviso.<\/p>\n<p>VE MUNDO avr\u00e0 il diritto di indagare e denunciare qualsiasi condotta di cui sopra in conformit\u00e0 con la Legge, nonch\u00e9 di collaborare con le autorit\u00e0 nelle indagini su tali azioni.<\/p>\n<p>VE MUNDO potr\u00e0 sospendere temporaneamente, senza preavviso, l&#8217;accessibilit\u00e0 al Sito per operazioni di manutenzione, riparazione, aggiornamento o miglioramento. Tuttavia, ogniqualvolta le circostanze lo consentano, VE MUNDO comunicher\u00e0 all&#8217;Utente, con congruo anticipo, la data prevista per la sospensione dei Servizi. VE MUNDO non \u00e8 responsabile dell&#8217;uso che gli Utenti possono fare dei Contenuti inclusi nel Sito.<\/p>\n<h4><strong>3.- Propriet\u00e0 intellettuale e industriale<\/strong><\/h4>\n<p>Tutti i diritti di propriet\u00e0 intellettuale dei Contenuti del Sito e della sua progettazione grafica sono di propriet\u00e0 esclusiva di VE MUNDO, o di un terzo che ne ha autorizzato l&#8217;uso, pertanto \u00e8 VE MUNDO responsabile dell&#8217;esercizio esclusivo del loro sfruttamento diritti. Per questo motivo ed in virt\u00f9 di quanto previsto dalla normativa applicabile in materia di Diritti di Propriet\u00e0 Intellettuale e Industriale.<\/p>\n<p>VE MUNDO non concede alcuna licenza o autorizzazione d&#8217;uso di qualsiasi tipo sui suoi diritti di propriet\u00e0 intellettuale e industriale o su qualsiasi altra propriet\u00e0 o diritto relativo al Sito Web, ai Servizi o ai suoi Contenuti.<\/p>\n<p>La riproduzione e la memorizzazione temporanea dei contenuti del Sito \u00e8 consentita purch\u00e9 strettamente necessaria per la fruizione e la visualizzazione del Sito da un dispositivo personale.<\/p>\n<p>La legittimit\u00e0 dei diritti di propriet\u00e0 intellettuale o industriale corrispondenti ai Contenuti forniti dagli utenti \u00e8 di esclusiva responsabilit\u00e0 degli utenti, pertanto l&#8217;Utente manterr\u00e0 VE MUNDO indenne da qualsiasi pretesa di terzi derivante dall&#8217;uso illecito dei Contenuti del Sito. Ragnatela.<\/p>\n<h4><strong>4.- Responsabilit\u00e0 e Garanzie<\/strong><\/h4>\n<p>VE MUNDO dichiara di aver adottato le misure necessarie che, nell&#8217;ambito delle sue possibilit\u00e0 e dello stato della tecnologia, consentono il corretto funzionamento del suo Sito Web, nonch\u00e9 l&#8217;assenza di virus e componenti dannosi. Tuttavia, VE MUNDO non pu\u00f2 essere ritenuta responsabile per:<\/p>\n<p>(i) La continuit\u00e0 e la disponibilit\u00e0 dei Contenuti e dei Servizi.<\/p>\n<p>(ii) L&#8217;assenza di errori in detti Contenuti n\u00e9 la correzione di qualsiasi difetto che possa verificarsi.<\/p>\n<p>(iii) L&#8217;assenza di virus e\/o altri componenti dannosi.<\/p>\n<p>(iv) Danni o pregiudizi causati da qualsiasi persona che violi i sistemi di sicurezza di VE MUNDO.<\/p>\n<p>I contributi che si possono trovare in queste pagine sono stati forniti solo a scopo informativo. VE MUNDO non garantisce l&#8217;integrit\u00e0, l&#8217;accuratezza e l&#8217;attualit\u00e0 dei suoi contenuti.<\/p>\n<p>VE MUNDO non si assume alcuna responsabilit\u00e0 per i collegamenti ad altre pagine web presenti sul Sito e pu\u00f2 indirizzare l&#8217;Utente verso altri siti web sui quali VE MUNDO non ha alcun tipo di controllo, pertanto l&#8217;inclusione di collegamenti ad altri siti Il Sito non implica l&#8217;approvazione dei suoi contenuti da parte di VE MUNDO n\u00e9 l&#8217;esistenza di alcun tipo di associazione tra VE MUNDO e i suoi proprietari. Pertanto, l&#8217;Utente accede ai Contenuti sotto la sua esclusiva responsabilit\u00e0 e nelle condizioni d&#8217;uso che li regolano.<\/p>\n<h4><strong>5.- Durata e modifica<\/strong><\/h4>\n<p>Il presente Avviso Legale avr\u00e0 validit\u00e0 indefinita e VE MUNDO potr\u00e0 apportare modifiche alle condizioni in esso specificate, che entreranno in vigore dal momento della sua pubblicazione.<\/p>\n<p>VE MUNDO pu\u00f2 eliminare, aggiungere o modificare sia i Contenuti che i Servizi forniti, nonch\u00e9 il modo in cui sono localizzati o presentati. Si intendono in vigore le condizioni pubblicate nel momento in cui l&#8217;Utente accede al Sito VE MUNDO.<\/p>\n<p>L&#8217;accesso e\/o l&#8217;utilizzo del Sito Web costituiranno l&#8217;accettazione da parte dell&#8217;Utente del presente Avviso Legale e delle sue condizioni e, ove applicabile, delle modifiche apportate alle stesse.<\/p>\n\t\t<\/div>\n\t\t[\/vc_column][\/vc_row]<\/p>\n<\/div>","protected":false},"excerpt":{"rendered":"<p>[vc_row][vc_column][\/vc_column][\/vc_row]<\/p>\n","protected":false},"author":1,"featured_media":0,"parent":0,"menu_order":0,"comment_status":"closed","ping_status":"closed","template":"","meta":{"footnotes":""},"class_list":["post-11938","page","type-page","status-publish","hentry"],"_links":{"self":[{"href":"https:\/\/vemundotour.com\/it\/wp-json\/wp\/v2\/pages\/11938","targetHints":{"allow":["GET"]}}],"collection":[{"href":"https:\/\/vemundotour.com\/it\/wp-json\/wp\/v2\/pages"}],"about":[{"href":"https:\/\/vemundotour.com\/it\/wp-json\/wp\/v2\/types\/page"}],"author":[{"embeddable":true,"href":"https:\/\/vemundotour.com\/it\/wp-json\/wp\/v2\/users\/1"}],"replies":[{"embeddable":true,"href":"https:\/\/vemundotour.com\/it\/wp-json\/wp\/v2\/comments?post=11938"}],"version-history":[{"count":0,"href":"https:\/\/vemundotour.com\/it\/wp-json\/wp\/v2\/pages\/11938\/revisions"}],"wp:attachment":[{"href":"https:\/\/vemundotour.com\/it\/wp-json\/wp\/v2\/media?parent=11938"}],"curies":[{"name":"wp","href":"https:\/\/api.w.org\/{rel}","templated":true}]}}