{"id":11514,"date":"2024-03-22T14:57:53","date_gmt":"2024-03-22T18:57:53","guid":{"rendered":"https:\/\/vemundotour.com\/it\/?page_id=11514"},"modified":"2024-06-16T10:41:05","modified_gmt":"2024-06-16T15:41:05","slug":"termini-e-condizioni","status":"publish","type":"page","link":"https:\/\/vemundotour.com\/it\/termini-e-condizioni\/","title":{"rendered":"Termini e Condizioni"},"content":{"rendered":"<div class=\"wpb-content-wrapper\"><p>[vc_row][vc_column]\t\t<div id=\"wd-666f0788e2376\" class=\"wd-text-block wd-wpb reset-last-child wd-rs-666f0788e2376 text-left \">\n\t\t\t<p>Benvenuti nel mondo VE! Siamo lieti di accompagnarvi nelle vostre avventure in giro per il mondo. Vogliamo che tu possa goderti appieno ogni esperienza che sceglierai con noi. Tuttavia, \u00e8 importante rivedere questi termini e condizioni per assicurarti di comprendere i nostri impegni e limitazioni:<\/p>\n<ol>\n<li><strong>Intermediazione dei servizi<\/strong>\u00a0: agiamo come intermediari tra te e i fornitori di servizi, come hotel, ristoranti, compagnie aeree e altri. Sebbene ci impegniamo a garantire la tua soddisfazione, non possiamo essere ritenuti responsabili per eventi imprevisti come ritardi, scioperi o eventi di forza maggiore che potrebbero influenzare il tuo viaggio.<\/li>\n<li><strong>Responsabilit\u00e0 limitata<\/strong>\u00a0: non ci assumiamo alcuna responsabilit\u00e0 per perdite, danni o incidenti causati da terzi o circostanze al di fuori del nostro controllo. Ci impegniamo tuttavia a soddisfare i servizi concordati e a fornirti la migliore esperienza possibile.<\/li>\n<li><strong>Documentazione personale<\/strong>\u00a0: \u00e8 responsabilit\u00e0 di ciascun viaggiatore portare con s\u00e9 la documentazione personale richiesta secondo le leggi locali. Assicurati di avere tutti i documenti necessari prima di intraprendere il viaggio.<\/li>\n<li><strong>Consumo e sicurezza alimentare<\/strong>\u00a0: partecipando ai nostri tour gastronomici, comprendi e accetti che non siamo responsabili per eventuali cibi o bevande consumati durante il tour. Inoltre, rinunci a qualsiasi richiesta di responsabilit\u00e0 nei confronti di VE Mundo per incidenti, lesioni o altre perdite che potrebbero verificarsi durante il tour.<\/li>\n<li><strong>Utilizzo di immagini e testimonianze<\/strong>\u00a0: partecipando alle nostre esperienze, concedi a VE Mundo il diritto di utilizzare fotografie, video o altre immagini scattate durante il tour. Ci riserviamo il diritto di pubblicare o commercializzare queste immagini per scopi promozionali.<\/li>\n<li><strong>Assicurazione di viaggio:<\/strong>\u00a0consigliamo vivamente a tutti i nostri viaggiatori di acquistare un&#8217;assicurazione di viaggio prima di partecipare a una qualsiasi delle nostre esperienze. Sebbene in VE Mundo ci impegniamo a garantire la sicurezza e il benessere dei nostri clienti, \u00e8 importante notare che non offriamo assicurazioni di viaggio come parte dei nostri servizi. Pertanto, ogni responsabilit\u00e0 per qualsiasi evenienza durante il viaggio ricade sul viaggiatore. Un\u2019adeguata assicurazione di viaggio pu\u00f2 garantire tranquillit\u00e0 e protezione in caso di emergenze mediche, cancellazioni del viaggio, smarrimento del bagaglio o altri eventi imprevisti. Ti consigliamo di rivedere attentamente i termini e le condizioni della tua polizza assicurativa e di assicurarti che copra tutte le tue esigenze durante il tuo soggiorno in Colombia. Preparati per la tua avventura con VE Mundo e viaggia in tutta tranquillit\u00e0!<\/li>\n<\/ol>\n\t\t<\/div>\n\t\t[\/vc_column][\/vc_row]<\/p>\n<\/div>","protected":false},"excerpt":{"rendered":"<p>[vc_row][vc_column][\/vc_column][\/vc_row]<\/p>\n","protected":false},"author":1,"featured_media":0,"parent":0,"menu_order":0,"comment_status":"closed","ping_status":"closed","template":"","meta":{"footnotes":""},"class_list":["post-11514","page","type-page","status-publish","hentry"],"_links":{"self":[{"href":"https:\/\/vemundotour.com\/it\/wp-json\/wp\/v2\/pages\/11514","targetHints":{"allow":["GET"]}}],"collection":[{"href":"https:\/\/vemundotour.com\/it\/wp-json\/wp\/v2\/pages"}],"about":[{"href":"https:\/\/vemundotour.com\/it\/wp-json\/wp\/v2\/types\/page"}],"author":[{"embeddable":true,"href":"https:\/\/vemundotour.com\/it\/wp-json\/wp\/v2\/users\/1"}],"replies":[{"embeddable":true,"href":"https:\/\/vemundotour.com\/it\/wp-json\/wp\/v2\/comments?post=11514"}],"version-history":[{"count":0,"href":"https:\/\/vemundotour.com\/it\/wp-json\/wp\/v2\/pages\/11514\/revisions"}],"wp:attachment":[{"href":"https:\/\/vemundotour.com\/it\/wp-json\/wp\/v2\/media?parent=11514"}],"curies":[{"name":"wp","href":"https:\/\/api.w.org\/{rel}","templated":true}]}}