{"id":11938,"date":"2024-05-18T16:21:22","date_gmt":"2024-05-18T21:21:22","guid":{"rendered":"https:\/\/vemundotour.com\/fr\/?page_id=11938"},"modified":"2024-06-08T07:56:27","modified_gmt":"2024-06-08T12:56:27","slug":"avis-juridique","status":"publish","type":"page","link":"https:\/\/vemundotour.com\/fr\/avis-juridique\/","title":{"rendered":"Avis juridique"},"content":{"rendered":"<div class=\"wpb-content-wrapper\"><p>[vc_row][vc_column]\t\t<div id=\"wd-666454ef9e0ed\" class=\"wd-text-block wd-wpb reset-last-child wd-rs-666454ef9e0ed text-left \">\n\t\t\t<p>Les pr\u00e9sentes Conditions d\u2019Utilisation r\u00e9gissent l\u2019acc\u00e8s, la navigation et l\u2019utilisation de ce site Internet (ci-apr\u00e8s, le \u00ab Site Internet \u00bb).<\/p>\n<h4><strong>1.- Droit \u00e0 l&#8217;information<\/strong><\/h4>\n<p>Nous vous informons que la propri\u00e9t\u00e9 du site Web via le domaine : https:\/\/VEMundoTour.com (ci-apr\u00e8s, le \u00ab Site Web \u00bb), appartient \u00e0 VE Digital, avec le num\u00e9ro de registre national du tourisme n\u00b0142619, \u00e0 Bogot\u00e1, Colombie.<\/p>\n<p>L&#8217;acc\u00e8s et\/ou l&#8217;utilisation du Site vous attribue la qualit\u00e9 d&#8217;utilisateur et vous acceptez, d\u00e8s cet acc\u00e8s et\/ou utilisation, les pr\u00e9sentes Mentions L\u00e9gales.<\/p>\n<p>L&#8217;utilisateur (ci-apr\u00e8s, l&#8217;\u00ab Utilisateur \u00bb) peut contacter VE MUNDO via VEMundoTour.com\/contacto<\/p>\n<p>Les administrations publiques qui souhaitent contacter VE MUNDO doivent le faire par email contacto@VE MundoTour.com<\/p>\n<h4><strong>2.- Utilisation du site Web<\/strong><\/h4>\n<p>L&#8217;Utilisateur assume la responsabilit\u00e9 de l&#8217;utilisation du Site Internet VE MUNDO. Le Site Internet peut donner acc\u00e8s \u00e0 une multitude de textes, graphiques, dessins, designs, photographies, contenus multim\u00e9dias et informations (ci-apr\u00e8s, les \u00ab Contenus \u00bb) appartenant \u00e0 VE MUNDO ou \u00e0 des tiers auxquels l&#8217;Utilisateur peut avoir acc\u00e8s.<\/p>\n<p>L&#8217;Utilisateur s&#8217;engage \u00e0 faire un usage appropri\u00e9 du Contenu et des Services propos\u00e9s via le Site Internet et, \u00e0 titre d&#8217;exemple, mais sans s&#8217;y limiter, \u00e0 ne pas les utiliser pour :<\/p>\n<p>(i) S&#8217;impliquer dans des activit\u00e9s illicites, ill\u00e9gales ou contraires \u00e0 la bonne foi et \u00e0 l&#8217;ordre public.<\/p>\n<p>(ii) Provoquer des dommages aux syst\u00e8mes physiques et logiques du Site VE MUNDO, de ses fournisseurs ou de tiers.<\/p>\n<p>(iii) Introduire ou propager sur le r\u00e9seau des virus informatiques ou tout autre syst\u00e8me physique ou logique susceptible de provoquer les dommages susvis\u00e9s.<\/p>\n<p>(iv) Tentative d&#8217;acc\u00e8s, d&#8217;utilisation et\/ou de manipulation des donn\u00e9es de VE MUNDO, de fournisseurs tiers et d&#8217;autres utilisateurs.<\/p>\n<p>(v) Reproduire ou copier, distribuer, permettre l&#8217;acc\u00e8s du public via toute forme de communication publique, transformer ou modifier le contenu, sauf autorisation de VE MUNDO.<\/p>\n<p>(vi) Supprimer, masquer ou manipuler les Contenus soumis \u00e0 des droits de propri\u00e9t\u00e9 intellectuelle ou industrielle et autres donn\u00e9es identifiant lesdits droits de VE MUNDO ou de tiers incorpor\u00e9s dans les Contenus, ainsi que les dispositifs techniques de protection ou tout m\u00e9canisme d&#8217;information qui pourraient \u00eatre ins\u00e9r\u00e9s dans les contenus.<\/p>\n<p>VE MUNDO pr\u00e9vient que les \u00e9l\u00e9ments contenus sur ce site Web ont \u00e9t\u00e9 inclus \u00e0 titre informatif uniquement, c&#8217;est pourquoi ils sont insuffisants pour prendre des d\u00e9cisions ou prendre position dans un cas sp\u00e9cifique.<\/p>\n<p>L&#8217;Utilisateur doit tenir compte du fait que les \u00e9l\u00e9ments contenus sur ce site Web peuvent ne pas refl\u00e9ter l&#8217;\u00e9tat l\u00e9gislatif ou jurisprudentiel le plus r\u00e9cent sur les questions analys\u00e9es. De m\u00eame, ces documents peuvent \u00eatre modifi\u00e9s, d\u00e9velopp\u00e9s ou mis \u00e0 jour sans pr\u00e9avis.<\/p>\n<p>VE MUNDO aura le droit d&#8217;enqu\u00eater et de signaler toute conduite susmentionn\u00e9e conform\u00e9ment \u00e0 la loi, ainsi que de collaborer avec les autorit\u00e9s dans l&#8217;enqu\u00eate sur ces actions.<\/p>\n<p>VE MUNDO peut suspendre temporairement, sans pr\u00e9avis, l&#8217;accessibilit\u00e9 au Site Internet pour des op\u00e9rations de maintenance, de r\u00e9paration, de mise \u00e0 jour ou d&#8217;am\u00e9lioration. Toutefois, chaque fois que les circonstances le permettront, VE MUNDO informera l&#8217;Utilisateur, avec un pr\u00e9avis suffisant, de la date pr\u00e9vue pour la suspension des Services. VE MUNDO n&#8217;est pas responsable de l&#8217;utilisation que les utilisateurs peuvent faire du contenu inclus sur le site Web.<\/p>\n<h4><strong>3.- Propri\u00e9t\u00e9 intellectuelle et industrielle<\/strong><\/h4>\n<p>Tous les droits de propri\u00e9t\u00e9 intellectuelle du Contenu du Site et de sa conception graphique sont la propri\u00e9t\u00e9 exclusive de VE MUNDO, ou d&#8217;un tiers ayant autoris\u00e9 l&#8217;utilisation de ceux-ci, c&#8217;est donc VE MUNDO qui est responsable de l&#8217;exercice exclusif de leur exploitation. droits. Pour cette raison et en vertu des dispositions de la l\u00e9gislation applicable en mati\u00e8re de droits de propri\u00e9t\u00e9 intellectuelle et industrielle.<\/p>\n<p>VE MUNDO n&#8217;accorde aucune licence ou autorisation d&#8217;utilisation de quelque nature que ce soit sur ses droits de propri\u00e9t\u00e9 intellectuelle et industrielle ou sur toute autre propri\u00e9t\u00e9 ou droit li\u00e9 au Site Internet, aux Services ou \u00e0 son Contenu.<\/p>\n<p>La reproduction et le stockage temporaire du contenu du Site Web sont autoris\u00e9s dans la mesure o\u00f9 cela est strictement n\u00e9cessaire \u00e0 l&#8217;utilisation et \u00e0 la visualisation du Site Web \u00e0 partir d&#8217;un appareil personnel.<\/p>\n<p>La l\u00e9gitimit\u00e9 des droits de propri\u00e9t\u00e9 intellectuelle ou industrielle correspondant au Contenu fourni par les utilisateurs rel\u00e8ve de la responsabilit\u00e9 exclusive des utilisateurs, c&#8217;est pourquoi l&#8217;Utilisateur d\u00e9gagera VE MUNDO de toute responsabilit\u00e9 contre toute r\u00e9clamation de tiers d\u00e9coulant de l&#8217;utilisation illicite du Contenu du Site. La toile.<\/p>\n<h4><strong>4.- Responsabilit\u00e9 et garanties<\/strong><\/h4>\n<p>VE MUNDO d\u00e9clare avoir adopt\u00e9 les mesures n\u00e9cessaires qui, dans la limite de ses possibilit\u00e9s et de l&#8217;\u00e9tat de la technologie, permettent le bon fonctionnement de son site Web, ainsi que l&#8217;absence de virus et de composants nuisibles. Toutefois, VE MUNDO ne peut \u00eatre tenu responsable de :<\/p>\n<p>(i) La continuit\u00e9 et la disponibilit\u00e9 des Contenus et Services.<\/p>\n<p>(ii) L&#8217;absence d&#8217;erreurs dans ledit Contenu ni la correction de tout d\u00e9faut pouvant survenir.<\/p>\n<p>(iii) L&#8217;absence de virus et\/ou d&#8217;autres composants nuisibles.<\/p>\n<p>(iv) Dommages ou pr\u00e9judices caus\u00e9s par toute personne qui viole les syst\u00e8mes de s\u00e9curit\u00e9 de VE MUNDO.<\/p>\n<p>Les contributions que l&#8217;on peut trouver sur ces pages ont \u00e9t\u00e9 r\u00e9alis\u00e9es \u00e0 titre informatif uniquement. VE MUNDO ne garantit pas l&#8217;int\u00e9grit\u00e9, l&#8217;exactitude et l&#8217;actualit\u00e9 de son contenu.<\/p>\n<p>VE MUNDO n&#8217;assume aucune responsabilit\u00e9 pour les liens vers d&#8217;autres pages Web trouv\u00e9s sur le site Web et peut diriger l&#8217;utilisateur vers d&#8217;autres sites Web sur lesquels VE MUNDO n&#8217;a aucun type de contr\u00f4le, de sorte que l&#8217;inclusion de liens vers d&#8217;autres sites Web ne n&#8217;impliquent pas l&#8217;approbation de son contenu par VE MUNDO ni l&#8217;existence de tout type d&#8217;association entre VE MUNDO et ses propri\u00e9taires. Ainsi, l\u2019Utilisateur acc\u00e8de aux Contenus sous sa responsabilit\u00e9 exclusive et dans les conditions d\u2019utilisation qui les r\u00e9gissent.<\/p>\n<h4><strong>5.- Dur\u00e9e et modification<\/strong><\/h4>\n<p>Le pr\u00e9sent avis l\u00e9gal sera valable ind\u00e9finiment et VE MUNDO pourra apporter des modifications aux conditions qui y sont sp\u00e9cifi\u00e9es, qui entreront en vigueur d\u00e8s sa publication.<\/p>\n<p>VE MUNDO peut supprimer, ajouter ou modifier tant le Contenu que les Services qu&#8217;il fournit, ainsi que la mani\u00e8re dont ils sont localis\u00e9s ou pr\u00e9sent\u00e9s. Sont consid\u00e9r\u00e9es comme en vigueur les conditions publi\u00e9es au moment o\u00f9 l&#8217;Utilisateur acc\u00e8de au Site Internet VE MUNDO.<\/p>\n<p>L&#8217;acc\u00e8s et\/ou l&#8217;utilisation du Site Internet vaut acceptation par l&#8217;Utilisateur du pr\u00e9sent Avis L\u00e9gal et de ses conditions et, le cas \u00e9ch\u00e9ant, des modifications qui y sont apport\u00e9es.<\/p>\n\t\t<\/div>\n\t\t[\/vc_column][\/vc_row]<\/p>\n<\/div>","protected":false},"excerpt":{"rendered":"<p>[vc_row][vc_column][\/vc_column][\/vc_row]<\/p>\n","protected":false},"author":1,"featured_media":0,"parent":0,"menu_order":0,"comment_status":"closed","ping_status":"closed","template":"","meta":{"footnotes":""},"class_list":["post-11938","page","type-page","status-publish","hentry"],"_links":{"self":[{"href":"https:\/\/vemundotour.com\/fr\/wp-json\/wp\/v2\/pages\/11938","targetHints":{"allow":["GET"]}}],"collection":[{"href":"https:\/\/vemundotour.com\/fr\/wp-json\/wp\/v2\/pages"}],"about":[{"href":"https:\/\/vemundotour.com\/fr\/wp-json\/wp\/v2\/types\/page"}],"author":[{"embeddable":true,"href":"https:\/\/vemundotour.com\/fr\/wp-json\/wp\/v2\/users\/1"}],"replies":[{"embeddable":true,"href":"https:\/\/vemundotour.com\/fr\/wp-json\/wp\/v2\/comments?post=11938"}],"version-history":[{"count":0,"href":"https:\/\/vemundotour.com\/fr\/wp-json\/wp\/v2\/pages\/11938\/revisions"}],"wp:attachment":[{"href":"https:\/\/vemundotour.com\/fr\/wp-json\/wp\/v2\/media?parent=11938"}],"curies":[{"name":"wp","href":"https:\/\/api.w.org\/{rel}","templated":true}]}}