{"id":5331,"date":"2021-08-25T09:50:07","date_gmt":"2021-08-25T09:50:07","guid":{"rendered":"http:\/\/dummy.xtemos.com\/woodmart2\/?page_id=5331"},"modified":"2024-06-02T19:47:13","modified_gmt":"2024-06-03T00:47:13","slug":"faqs","status":"publish","type":"page","link":"https:\/\/vemundotour.com\/de\/faqs\/","title":{"rendered":"FAQs"},"content":{"rendered":"<div class=\"wpb-content-wrapper\"><p>[vc_row full_width=\u00bbstretch_row\u00bb css=\u00bb.vc_custom_1710865211262{margin-top: -38px !important;margin-bottom: 80px !important;padding-top: 270px !important;padding-bottom: 220px !important;background-image: url(https:\/\/vemundotour.com\/de\/wp-content\/uploads\/2023\/03\/VE-Mundo-Tour-Bogota-3.jpg?id=11224) !important;background-position: center !important;background-repeat: no-repeat !important;background-size: cover !important;}\u00bb wd_z_index=\u00bbno\u00bb woodmart_css_id=\u00bb65f9bb346e4a9&#8243; responsive_spacing=\u00bbeyJwYXJhbV90eXBlIjoid29vZG1hcnRfcmVzcG9uc2l2ZV9zcGFjaW5nIiwic2VsZWN0b3JfaWQiOiI2NWY5YmIzNDZlNGE5Iiwic2hvcnRjb2RlIjoidmNfcm93IiwiZGF0YSI6eyJ0YWJsZXQiOnt9LCJtb2JpbGUiOnsibWFyZ2luLWJvdHRvbSI6IjYwcHgifX19&#8243; mobile_bg_img_hidden=\u00bbno\u00bb tablet_bg_img_hidden=\u00bbno\u00bb woodmart_parallax=\u00bb0&#8243; woodmart_gradient_switch=\u00bbno\u00bb row_reverse_mobile=\u00bb0&#8243; row_reverse_tablet=\u00bb0&#8243; woodmart_disable_overflow=\u00bb0&#8243; woodmart_box_shadow=\u00bbno\u00bb][vc_column css=\u00bb.vc_custom_1629885433950{padding-top: 0px !important;}\u00bb wd_z_index=\u00bbno\u00bb woodmart_css_id=\u00bb612613f769ba5&#8243; responsive_spacing=\u00bbeyJwYXJhbV90eXBlIjoid29vZG1hcnRfcmVzcG9uc2l2ZV9zcGFjaW5nIiwic2VsZWN0b3JfaWQiOiI2MTI2MTNmNzY5YmE1Iiwic2hvcnRjb2RlIjoidmNfY29sdW1uIiwiZGF0YSI6eyJ0YWJsZXQiOnt9LCJtb2JpbGUiOnt9fX0=\u00bb parallax_scroll=\u00bbno\u00bb mobile_bg_img_hidden=\u00bbno\u00bb tablet_bg_img_hidden=\u00bbno\u00bb woodmart_parallax=\u00bb0&#8243; woodmart_sticky_column=\u00bbfalse\u00bb mobile_reset_margin=\u00bbno\u00bb tablet_reset_margin=\u00bbno\u00bb]\n\t\t<div id=\"wd-665d119b54546\" class=\"title-wrapper wd-wpb wd-set-mb reset-last-child  wd-rs-665d119b54546 wd-title-color-white wd-title-style-default text-center vc_custom_1717375409233 wd-underline-colored\">\n\t\t\t\n\t\t\t<div class=\"liner-continer\">\n\t\t\t\t<h4 class=\"woodmart-title-container title  wd-font-weight- wd-fontsize-l\" >Fragen &amp; Antworten<\/h4>\n\t\t\t\t\t\t\t<\/div>\n\t\t\t\n\t\t\t\t\t\t\t<div class=\"title-after_title reset-last-child  wd-fontsize-xs\">Finden Sie Antworten auf die h\u00e4ufigsten Fragen zu Buchungen,<br \/>\nZahlungsmethoden und Stornierungsbedingungen, damit Sie<br \/>\nIhr n\u00e4chstes Abenteuer sorgenfrei planen k\u00f6nnen.<\/div>\n\t\t\t\n\t\t\t\n\t\t<\/div>\n\t\t\n\t\t[\/vc_column][\/vc_row][vc_row css=\u00bb.vc_custom_1496940694752{margin-bottom: 20px !important;}\u00bb][vc_column css=\u00bb.vc_custom_1484657273903{padding-top: 0px !important;}\u00bb]\n\t\t<div id=\"wd-665d12182bb8b\" class=\"title-wrapper wd-wpb wd-set-mb reset-last-child  wd-rs-665d12182bb8b wd-title-color-default wd-title-style-underlined text-left vc_custom_1717375516686 wd-underline-colored\">\n\t\t\t\n\t\t\t<div class=\"liner-continer\">\n\t\t\t\t<h4 class=\"woodmart-title-container title  wd-font-weight- wd-fontsize-l\" >\u00dcBER KOSTENLOSE WANDERUNGEN<br \/>\n<\/h4>\n\t\t\t\t\t\t\t<\/div>\n\t\t\t\n\t\t\t\n\t\t\t\n\t\t<\/div>\n\t\t\n\t\t[\/vc_column][\/vc_row][vc_row equal_height=\u00bbyes\u00bb css=\u00bb.vc_custom_1629893241850{margin-bottom: 50px !important;}\u00bb wd_z_index=\u00bbno\u00bb woodmart_css_id=\u00bb6126327347fb2&#8243; responsive_spacing=\u00bbeyJwYXJhbV90eXBlIjoid29vZG1hcnRfcmVzcG9uc2l2ZV9zcGFjaW5nIiwic2VsZWN0b3JfaWQiOiI2MTI2MzI3MzQ3ZmIyIiwic2hvcnRjb2RlIjoidmNfcm93IiwiZGF0YSI6eyJ0YWJsZXQiOnt9LCJtb2JpbGUiOnsibWFyZ2luLWJvdHRvbSI6IjMwIn19fQ==\u00bb mobile_bg_img_hidden=\u00bbno\u00bb tablet_bg_img_hidden=\u00bbno\u00bb woodmart_parallax=\u00bb0&#8243; woodmart_gradient_switch=\u00bbno\u00bb row_reverse_mobile=\u00bb0&#8243; row_reverse_tablet=\u00bb0&#8243; woodmart_disable_overflow=\u00bb0&#8243;][vc_column width=\u00bb1\/2&#8243; css=\u00bb.vc_custom_1484657119633{padding-top: 0px !important;}\u00bb]\t\t<div id=\"wd-665d11e1870ab\" class=\"wd-text-block wd-wpb reset-last-child wd-rs-665d11e1870ab text-left \">\n\t\t\t<h4><strong>Wie lange dauern die kostenlosen Wandertouren?<\/strong><\/h4>\n<p>Jede Tour dauert etwa dreieinhalb Stunden. Wir empfehlen Ihnen jedoch, die Dauer der Tour, die Sie interessiert, auf unserer Website zu \u00fcberpr\u00fcfen.<\/p>\n<h4><strong>Sind die \u201eFree Tours\u201c kostenlos?<\/strong><\/h4>\n<p>Bei unseren \u201eFree Walking\u201c-Touren wird Trinkgeld gegeben und das Mindesttrinkgeld betr\u00e4gt 10 $ pro Person. Unsere Guides sind bestrebt, Ihnen ein bereicherndes und unterhaltsames Erlebnis zu bieten und teilen ihr tiefes Wissen \u00fcber die Geschichte und Kultur Bogot\u00e1s. Ihr Trinkgeld ist eine M\u00f6glichkeit, ihr Engagement und ihre Bem\u00fchungen anzuerkennen. Wenn Sie mit dem Erlebnis besonders zufrieden sind, empfehlen wir Ihnen, ein gro\u00dfz\u00fcgigeres Trinkgeld in Betracht zu ziehen, da dies unseren Guides erm\u00f6glicht, weiterhin qualitativ hochwertige Touren anzubieten und diesen wertvollen Service aufrechtzuerhalten.<\/p>\n<h4><strong>Ist f\u00fcr die Teilnahme an der Tour eine vorherige Reservierung erforderlich?<\/strong><\/h4>\n<p>Ja, eine vorherige Reservierung ist erforderlich. Nach Ihrer Reservierung \u00fcber unsere Website k\u00f6nnen Sie am Treffpunkt an der Tour teilnehmen.<\/p>\n<h4><strong>Ist f\u00fcr die Tour eine Mindestteilnehmerzahl erforderlich?<\/strong><\/h4>\n<p>F\u00fcr diese Aktivit\u00e4t sind mindestens 6 Teilnehmer erforderlich. Sollte diese Anzahl nicht erreicht werden, werden wir Sie mindestens 2 Stunden vorher kontaktieren, um Ihnen verschiedene Alternativen anzubieten.<\/p>\n<h4><strong>Wie lauten die Stornierungsbedingungen f\u00fcr \u201ekostenlose Touren\u201c?<\/strong><\/h4>\n<p>F\u00fcr die Reservierung ben\u00f6tigen wir keine Kreditkarte. Wenn Sie jedoch nicht stornieren und nicht an der Tour teilnehmen, ist es nicht m\u00f6glich, eine neue Reservierung von Ihnen anzunehmen. Sie k\u00f6nnen die Reservierung bis zu 6 Stunden vorher stornieren. Warum machen wir das? Leute, die reservieren und nicht kommen, nehmen Pl\u00e4tze ein, die andere Leute genie\u00dfen k\u00f6nnten.<\/p>\n<h4><strong>Wie viele Teilnehmer gibt es in der Regel in der Gruppe?<\/strong><\/h4>\n<p>Wir betreuen in der Regel Gruppen von bis zu 18 Personen. Unsere Guides haben die F\u00e4higkeit, einladende Gruppen zu bilden, in denen sich jeder engagiert und umsorgt f\u00fchlt.<\/p>\n<h4><strong>Welche Verkostungen werden auf der Food-Tour angeboten?<\/strong><\/h4>\n<p>W\u00e4hrend der Tour haben Sie die M\u00f6glichkeit, verschiedene kolumbianische K\u00f6stlichkeiten wie lokale Fr\u00fcchte, Empanadas, Arepas, typische S\u00fc\u00dfigkeiten und traditionelle Gerichte aus dem kolumbianischen Llano zu probieren.<\/p>\n<h4><strong>Welche Empfehlung haben Sie f\u00fcr die historisch-gastronomische F\u00fchrung hinsichtlich der Vorbereitung?<\/strong><\/h4>\n<p>F\u00fcr den historisch-gastronomischen Rundgang empfehlen wir Ihnen, mit leerem Magen anzureisen, damit Sie alles genie\u00dfen k\u00f6nnen, was es zu essen gibt. Entlang der Tour gibt es viele Verkostungen.<\/p>\n<h4><strong>Wie viel Geld sollte ich f\u00fcr die historisch-gastronomische Tour mitbringen?<\/strong><\/h4>\n<p>An allen Haltestellen zeigen wir Ihnen die Mahlzeiten und Preise und Sie entscheiden, was Sie essen und was Sie teilen m\u00f6chten. Wenn Sie sich entscheiden, alle Verkostungen auszuprobieren, werden Sie zwischen allen Mahlzeiten etwa 10 US-Dollar (etwa 50.000 kolumbianische Pesos) ausgeben. Denken Sie daran, dass die Bezahlung in allen Restaurants und Lokalen in der Landesw\u00e4hrung und an den meisten Orten in bar erfolgt.<\/p>\n<h4><strong>Sind die Eintrittskarten f\u00fcr Attraktionen im Preis inbegriffen?<\/strong><\/h4>\n<p>Die Tour kann optionale Eink\u00e4ufe auf dem lokalen Markt oder in den von uns besuchten Restaurants beinhalten, daher ist es wichtig, zus\u00e4tzliche Kosten zu ber\u00fccksichtigen.<\/p>\n<h4><strong>Gibt es Optionen f\u00fcr Vegetarier?<\/strong><\/h4>\n<p>Ja, wir bieten Optionen f\u00fcr Vegetarier an. Bitte teilen Sie dem Reiseleiter zu Beginn der Tour Ihre Ern\u00e4hrungseinschr\u00e4nkungen mit und wir werden unser Bestes tun, um Ihren Bed\u00fcrfnissen gerecht zu werden.<\/p>\n\t\t<\/div>\n\t\t[\/vc_column][vc_column width=\u00bb1\/2&#8243; css=\u00bb.vc_custom_1484657123074{padding-top: 0px !important;}\u00bb]\t\t<div id=\"wd-665d1200b5b5a\" class=\"wd-text-block wd-wpb reset-last-child wd-rs-665d1200b5b5a text-left \">\n\t\t\t<h4><strong>Wie ist das Wetter in Bogot\u00e1 und was sollte ich f\u00fcr die Tour mitbringen?<\/strong><\/h4>\n<p>Bogot\u00e1 hat ein gem\u00e4\u00dfigtes Klima, daher empfehlen wir das Tragen bequemer und warmer Kleidung, da die Temperaturen besonders morgens k\u00fchl sein k\u00f6nnen. Da es unerwartet regnet, empfehlen wir Ihnen, einen Regenschirm oder Poncho mitzubringen.<\/p>\n<h4><strong>Werden Touren au\u00dfer Englisch und Spanisch auch in anderen Sprachen angeboten?<\/strong><\/h4>\n<p>Derzeit bieten wir F\u00fchrungen auf Englisch und Spanisch an. Auf Anfrage k\u00f6nnen wir jedoch auch F\u00fchrungen in anderen Sprachen organisieren, wenn Sie eine gro\u00dfe Gruppe oder spezielle Sprachbed\u00fcrfnisse haben.<\/p>\n<h4><strong>Gibt es auf dieser Tour Optionen f\u00fcr Kinder?<\/strong><\/h4>\n<p>Ja, alle unsere Touren sind f\u00fcr Familien mit Kindern geeignet. Die Guides machen die Tour f\u00fcr alle Altersgruppen interessant.<\/p>\n<h4><strong>Werden Kreditkartenzahlungen akzeptiert?<\/strong><\/h4>\n<p>An einigen Stellen entlang der Route wird Kartenzahlung akzeptiert, an anderen nicht, da der Preis f\u00fcr die Verkostung sehr niedrig ist. Deshalb empfehlen wir Ihnen, Bargeld (kolumbianische Pesos) mitzubringen. Was das Trinkgeld f\u00fcr den Reisef\u00fchrer betrifft: Ja, wir akzeptieren elektronische Zahlungen und Kreditkarten f\u00fcr diejenigen, die bequem bezahlen m\u00f6chten.<\/p>\n<h4><strong>Welche Stornierungsbedingungen gelten bei schlechtem Wetter oder unvorhergesehenen Ereignissen?<\/strong><\/h4>\n<p>Bei widrigen Wetterbedingungen oder unvorhergesehenen Ereignissen wird sich unser Team mit Ihnen in Verbindung setzen, um die Tour zu verschieben oder alternative Optionen anzubieten.<\/p>\n<h4><strong>Kann ich an der Tour teilnehmen, wenn meine Mobilit\u00e4t eingeschr\u00e4nkt ist oder ich besondere Bed\u00fcrfnisse habe?<\/strong><\/h4>\n<p>Die Route ist zu Fu\u00df m\u00f6glich und einige Stra\u00dfen sind gepflastert. Wenn Sie uns im Voraus informieren, werden wir unser Bestes tun, um Menschen mit eingeschr\u00e4nkter Mobilit\u00e4t oder besonderen Bed\u00fcrfnissen entgegenzukommen. Bitte teilen Sie uns dies im Voraus mit, damit wir Ihnen ein angenehmes Erlebnis bieten k\u00f6nnen.<\/p>\n<h4><strong>Sind die Reisef\u00fchrer ortsans\u00e4ssig und kennen sie die Geschichte und Kultur Bogot\u00e1s gut?<\/strong><\/h4>\n<p>Ja, unsere Guides sind ortsans\u00e4ssig und bestens in der Geschichte und Kultur Bogot\u00e1s geschult. W\u00e4hrend der Tour werden sie ihr fundiertes Wissen mit Ihnen teilen.<\/p>\n<h4><strong>Wie kann ich VE Mundo kontaktieren, wenn ich weitere Fragen habe?<\/strong><\/h4>\n<p>Sie k\u00f6nnen uns \u00fcber diese Website kontaktieren, indem Sie auf den WhatsApp-Button oder im Kontaktbereich klicken. Unsere Telefonnummer ist +57 324 248 36 61. E-Mail: contact @ vemundotour.com<\/p>\n\t\t<\/div>\n\t\t[\/vc_column][\/vc_row][vc_row css=\u00bb.vc_custom_1496940740070{margin-bottom: 20px !important;}\u00bb][vc_column css=\u00bb.vc_custom_1484657273903{padding-top: 0px !important;}\u00bb]\n\t\t<div id=\"wd-665d122d62ad5\" class=\"title-wrapper wd-wpb wd-set-mb reset-last-child  wd-rs-665d122d62ad5 wd-title-color-default wd-title-style-underlined text-left vc_custom_1717375537578 wd-underline-colored\">\n\t\t\t\n\t\t\t<div class=\"liner-continer\">\n\t\t\t\t<h4 class=\"woodmart-title-container title  wd-font-weight- wd-fontsize-l\" >\u00dcBER PRIVATE TOUREN<br \/>\n<\/h4>\n\t\t\t\t\t\t\t<\/div>\n\t\t\t\n\t\t\t\n\t\t\t\n\t\t<\/div>\n\t\t\n\t\t[\/vc_column][\/vc_row][vc_row equal_height=\u00bbyes\u00bb css=\u00bb.vc_custom_1629893257785{margin-bottom: 50px !important;}\u00bb wd_z_index=\u00bbno\u00bb woodmart_css_id=\u00bb6126328392954&#8243; responsive_spacing=\u00bbeyJwYXJhbV90eXBlIjoid29vZG1hcnRfcmVzcG9uc2l2ZV9zcGFjaW5nIiwic2VsZWN0b3JfaWQiOiI2MTI2MzI4MzkyOTU0Iiwic2hvcnRjb2RlIjoidmNfcm93IiwiZGF0YSI6eyJ0YWJsZXQiOnt9LCJtb2JpbGUiOnsibWFyZ2luLWJvdHRvbSI6IjMwIn19fQ==\u00bb mobile_bg_img_hidden=\u00bbno\u00bb tablet_bg_img_hidden=\u00bbno\u00bb woodmart_parallax=\u00bb0&#8243; woodmart_gradient_switch=\u00bbno\u00bb row_reverse_mobile=\u00bb0&#8243; row_reverse_tablet=\u00bb0&#8243; woodmart_disable_overflow=\u00bb0&#8243;][vc_column width=\u00bb1\/2&#8243; css=\u00bb.vc_custom_1484657119633{padding-top: 0px !important;}\u00bb]\t\t<div id=\"wd-665d12472c0d8\" class=\"wd-text-block wd-wpb reset-last-child wd-rs-665d12472c0d8 text-left \">\n\t\t\t<h4><strong>Welche Vorteile bietet die Buchung einer privaten Tour?<\/strong><\/h4>\n<p>Zu den Vorteilen geh\u00f6ren die Flexibilit\u00e4t, die Reiseroute an Ihre Interessen anzupassen, die Privatsph\u00e4re, die Tour nur mit Ihrer Gruppe zu genie\u00dfen, und die pers\u00f6nliche Betreuung durch einen Reiseleiter.<\/p>\n<h4><strong>Wie viel kostet eine private Tour?<\/strong><\/h4>\n<p>Die Kosten einer privaten Tour k\u00f6nnen je nach L\u00e4nge der Tour, Gruppengr\u00f6\u00dfe und enthaltenen Aktivit\u00e4ten variieren. Wir unterbreiten Ihnen ein individuelles Angebot, sobald Sie uns mit Ihren W\u00fcnschen kontaktieren.<\/p>\n<h4><strong>Kann ich das Datum und die Uhrzeit der privaten Tour w\u00e4hlen?<\/strong><\/h4>\n<p>Ja, Sie k\u00f6nnen das Datum und die Uhrzeit w\u00e4hlen, die am besten zu Ihrem Zeitplan passen. Wir werden mit Ihnen zusammenarbeiten, um die beste verf\u00fcgbare Option zu finden.<\/p>\n<h4><strong>Wie kann ich eine private Tour buchen?<\/strong><\/h4>\n<p>Sie k\u00f6nnen eine private Tour buchen, indem Sie uns direkt \u00fcber unsere Website, per E-Mail oder telefonisch kontaktieren. Sobald wir Ihre Anfrage erhalten, werden wir Sie kontaktieren, um die Details abzustimmen.<\/p>\n\t\t<\/div>\n\t\t[\/vc_column][vc_column width=\u00bb1\/2&#8243; css=\u00bb.vc_custom_1484657123074{padding-top: 0px !important;}\u00bb]\t\t<div id=\"wd-665d1255a47fd\" class=\"wd-text-block wd-wpb reset-last-child wd-rs-665d1255a47fd text-left \">\n\t\t\t<h4><strong>Welche Sprachen stehen f\u00fcr private Touren zur Verf\u00fcgung?<\/strong><\/h4>\n<p>Auf Anfrage bieten wir private Touren in Spanisch, Englisch und anderen Sprachen an. Bitte teilen Sie uns bei der Buchung Ihre Sprachpr\u00e4ferenzen mit und wir werden unser Bestes tun, um Ihnen entgegenzukommen.<\/p>\n<h4><strong>Gibt es eine Mindest- oder H\u00f6chstgruppengr\u00f6\u00dfe f\u00fcr private Touren?<\/strong><\/h4>\n<p>F\u00fcr private Touren gibt es keine Mindestgruppengr\u00f6\u00dfe, es k\u00f6nnen jedoch spezielle Kleingruppentarife gelten. F\u00fcr gro\u00dfe Gruppen empfehlen wir, uns im Voraus zu kontaktieren, um die Verf\u00fcgbarkeit sicherzustellen.<\/p>\n<h4><strong>Welche Stornierungsbedingungen gelten f\u00fcr private Touren?<\/strong><\/h4>\n<p>Unsere Stornierungsbedingungen variieren je nach Art der Tour und den jeweiligen Umst\u00e4nden. Detaillierte Informationen zu den Stornierungsbedingungen teilen wir Ihnen zum Zeitpunkt der Buchung mit.<\/p>\n\t\t<\/div>\n\t\t[\/vc_column][\/vc_row][vc_row css=\u00bb.vc_custom_1493372598184{margin-bottom: 20px !important;}\u00bb][vc_column css=\u00bb.vc_custom_1484657273903{padding-top: 0px !important;}\u00bb]\n\t\t<div id=\"wd-665d1267e6956\" class=\"title-wrapper wd-wpb wd-set-mb reset-last-child  wd-rs-665d1267e6956 wd-title-color-default wd-title-style-underlined text-left vc_custom_1717375596395 wd-underline-colored\">\n\t\t\t\n\t\t\t<div class=\"liner-continer\">\n\t\t\t\t<h4 class=\"woodmart-title-container title  wd-font-weight- wd-fontsize-l\" >\u00dcBER ZAHLUNGEN<br \/>\n<\/h4>\n\t\t\t\t\t\t\t<\/div>\n\t\t\t\n\t\t\t\n\t\t\t\n\t\t<\/div>\n\t\t\n\t\t[\/vc_column][\/vc_row][vc_row equal_height=\u00bbyes\u00bb css=\u00bb.vc_custom_1496940825311{margin-bottom: 0px !important;}\u00bb][vc_column width=\u00bb1\/2&#8243; css=\u00bb.vc_custom_1484657119633{padding-top: 0px !important;}\u00bb]\t\t<div id=\"wd-665d1279de9a2\" class=\"wd-text-block wd-wpb reset-last-child wd-rs-665d1279de9a2 text-left \">\n\t\t\t<h4><strong>Welche Zahlungsmethoden werden akzeptiert?<\/strong><\/h4>\n<p>Wir akzeptieren Zahlungen in bar, Bank\u00fcberweisungen und Kredit-\/Debitkarten.<\/p>\n<h4><strong>Ist es sicher, Online-Zahlungen \u00fcber Ihre Website zu t\u00e4tigen?<\/strong><\/h4>\n<p>Ja, unsere Website verf\u00fcgt \u00fcber strenge Sicherheitsma\u00dfnahmen, um die Finanzinformationen unserer Kunden bei Online-Transaktionen zu sch\u00fctzen.<\/p>\n<h4><strong>Kann ich in Raten zahlen?<\/strong><\/h4>\n<p>Ja, wir bieten f\u00fcr einige unserer Touren die M\u00f6glichkeit einer Ratenzahlung an. Kontaktieren Sie unser Reservierungsteam, um mehr \u00fcber die verf\u00fcgbaren Finanzierungsm\u00f6glichkeiten zu erfahren.<\/p>\n\t\t<\/div>\n\t\t[\/vc_column][vc_column width=\u00bb1\/2&#8243; css=\u00bb.vc_custom_1484657123074{padding-top: 0px !important;}\u00bb]\t\t<div id=\"wd-665d1286f2eda\" class=\"wd-text-block wd-wpb reset-last-child wd-rs-665d1286f2eda text-left \">\n\t\t\t<h4><strong>Wann muss ich meine Reservierung vollst\u00e4ndig bezahlen?<\/strong><\/h4>\n<p>Die vollst\u00e4ndige Zahlung muss vor Beginn der Tour erfolgen. Die Zahlungsfrist kann je nach Art der Tour und den Buchungsbedingungen variieren.<\/p>\n<h4><strong>Fallen bei der Zahlung mit Kreditkarte zus\u00e4tzliche Geb\u00fchren an?<\/strong><\/h4>\n<p>Ja, bei Zahlung mit Kreditkarte fallen zus\u00e4tzliche Geb\u00fchren an (4 %).<\/p>\n<h4><strong>Kann ich meine Reservierung stornieren und eine R\u00fcckerstattung erhalten?<\/strong><\/h4>\n<p>Unsere Stornierungsbedingungen variieren je nach Tour und wie weit im Voraus die Stornierung erfolgt. Wir empfehlen Ihnen, vor der Reservierung unsere Stornierungsbedingungen zu lesen, um genaue Einzelheiten zu erfahren.<\/p>\n<h4><strong>Wie erhalte ich eine Quittung f\u00fcr meine Zahlung?<\/strong><\/h4>\n<p>Sobald die Zahlung abgeschlossen ist, erhalten Sie per E-Mail eine Quittung, die als Nachweis Ihrer Transaktion dient. Wenn Sie eine zus\u00e4tzliche Quittung ben\u00f6tigen, wenden Sie sich bitte an unseren Kundenservice.<\/p>\n\t\t<\/div>\n\t\t[\/vc_column][\/vc_row]<\/p>\n<\/div>","protected":false},"excerpt":{"rendered":"<p>[vc_row full_width=\u00bbstretch_row\u00bb css=\u00bb.vc_custom_1710865211262{margin-top: -38px !important;margin-bottom: 80px !important;padding-top: 270px !important;padding-bottom: 220px !important;background-image: url(https:\/\/vemundotour.com\/de\/wp-content\/uploads\/2023\/03\/VE-Mundo-Tour-Bogota-3.jpg?id=11224) !important;background-position: center !important;background-repeat: no-repeat !important;background-size: cover !important;}\u00bb wd_z_index=\u00bbno\u00bb<\/p>\n","protected":false},"author":1,"featured_media":0,"parent":0,"menu_order":0,"comment_status":"closed","ping_status":"closed","template":"","meta":{"footnotes":""},"class_list":["post-5331","page","type-page","status-publish","hentry"],"_links":{"self":[{"href":"https:\/\/vemundotour.com\/de\/wp-json\/wp\/v2\/pages\/5331","targetHints":{"allow":["GET"]}}],"collection":[{"href":"https:\/\/vemundotour.com\/de\/wp-json\/wp\/v2\/pages"}],"about":[{"href":"https:\/\/vemundotour.com\/de\/wp-json\/wp\/v2\/types\/page"}],"author":[{"embeddable":true,"href":"https:\/\/vemundotour.com\/de\/wp-json\/wp\/v2\/users\/1"}],"replies":[{"embeddable":true,"href":"https:\/\/vemundotour.com\/de\/wp-json\/wp\/v2\/comments?post=5331"}],"version-history":[{"count":0,"href":"https:\/\/vemundotour.com\/de\/wp-json\/wp\/v2\/pages\/5331\/revisions"}],"wp:attachment":[{"href":"https:\/\/vemundotour.com\/de\/wp-json\/wp\/v2\/media?parent=5331"}],"curies":[{"name":"wp","href":"https:\/\/api.w.org\/{rel}","templated":true}]}}