{"id":5322,"date":"2021-08-25T09:40:13","date_gmt":"2021-08-25T09:40:13","guid":{"rendered":"http:\/\/dummy.xtemos.com\/woodmart2\/?page_id=5322"},"modified":"2024-06-03T07:12:06","modified_gmt":"2024-06-03T12:12:06","slug":"treffpunkt","status":"publish","type":"page","link":"https:\/\/vemundotour.com\/de\/treffpunkt\/","title":{"rendered":"Treffpunkt f\u00fcr die Tour"},"content":{"rendered":"<div class=\"wpb-content-wrapper\"><p>[vc_row css=\u00bb.vc_custom_1629884823266{margin-bottom: 0px !important;}\u00bb wd_z_index=\u00bbno\u00bb woodmart_css_id=\u00bb612611951eaea\u00bb responsive_spacing=\u00bbeyJwYXJhbV90eXBlIjoid29vZG1hcnRfcmVzcG9uc2l2ZV9zcGFjaW5nIiwic2VsZWN0b3JfaWQiOiI2MTI2MTE5NTFlYWVhIiwic2hvcnRjb2RlIjoidmNfcm93IiwiZGF0YSI6eyJ0YWJsZXQiOnt9LCJtb2JpbGUiOnt9fX0=\u00bb mobile_bg_img_hidden=\u00bbno\u00bb tablet_bg_img_hidden=\u00bbno\u00bb woodmart_parallax=\u00bb0&#8243; woodmart_gradient_switch=\u00bbno\u00bb row_reverse_mobile=\u00bb0&#8243; row_reverse_tablet=\u00bb0&#8243; woodmart_disable_overflow=\u00bb0&#8243;][vc_column width=\u00bb1\/2&#8243; css=\u00bb.vc_custom_1629884819677{margin-bottom: 35px !important;padding-top: 10px !important;}\u00bb offset=\u00bbvc_col-lg-4 vc_col-md-4&#8243; wd_z_index=\u00bbno\u00bb woodmart_css_id=\u00bb61261191a5446&#8243; responsive_spacing=\u00bbeyJwYXJhbV90eXBlIjoid29vZG1hcnRfcmVzcG9uc2l2ZV9zcGFjaW5nIiwic2VsZWN0b3JfaWQiOiI2MTI2MTE5MWE1NDQ2Iiwic2hvcnRjb2RlIjoidmNfY29sdW1uIiwiZGF0YSI6eyJ0YWJsZXQiOnt9LCJtb2JpbGUiOnt9fX0=\u00bb parallax_scroll=\u00bbno\u00bb mobile_bg_img_hidden=\u00bbno\u00bb tablet_bg_img_hidden=\u00bbno\u00bb woodmart_parallax=\u00bb0&#8243; woodmart_sticky_column=\u00bbfalse\u00bb mobile_reset_margin=\u00bbno\u00bb tablet_reset_margin=\u00bbno\u00bb]\n\t\t<div id=\"wd-665db0f1cb464\" class=\"title-wrapper wd-wpb wd-set-mb reset-last-child  wd-rs-665db0f1cb464 wd-title-color-default wd-title-style-default text-left vc_custom_1717416186053 wd-underline-colored\">\n\t\t\t\n\t\t\t<div class=\"liner-continer\">\n\t\t\t\t<h4 class=\"woodmart-title-container title  wd-font-weight- wd-fontsize-l\" >TREFFPUNKT F\u00dcR KOSTENLOSE WANDERUNGEN IN BOGOTA<br \/>\n<\/h4>\n\t\t\t\t\t\t\t<\/div>\n\t\t\t\n\t\t\t\n\t\t\t\n\t\t<\/div>\n\t\t\n\t\t[vc_row_inner][vc_column_inner width=\u00bb1\/2&#8243;]\t\t\t<div class=\"info-box-wrapper\">\n\t\t\t\t<div id=\"wd-665db10d5e179\" class=\" wd-rs-665db10d5e179 wd-info-box wd-wpb text-left box-icon-align-top box-style- color-scheme- wd-bg-none vc_custom_1717416222957\">\n\t\t\t\t\t\t\t\t\t\t<div class=\"info-box-content\">\n\t\t\t\t\t\t<h4 class=\"info-box-title title box-title-style-default wd-fontsize-s\">Bogot\u00e1<br \/>\n<\/h4>\t\t\t\t\t\t<div class=\"info-box-inner reset-last-child\"><p>Wir erwarten Sie auf dem La Concordia-Markt in der 12c-Stra\u00dfe Nr. 1-40 in La Candelaria, dem historischen Zentrum von Bogot\u00e1, f\u00fcr historische und gastronomische Touren.<\/p>\n<\/div>\n\n\t\t\t\t\t\t\t\t\t\t\t<\/div>\n\n\t\t\t\t\t\n\t\t\t\t\t\t\t\t\t<\/div>\n\t\t\t<\/div>\n\t\t[\/vc_column_inner][vc_column_inner width=\u00bb1\/2&#8243;]\t\t\t<div class=\"info-box-wrapper\">\n\t\t\t\t<div id=\"wd-665db12e45c6d\" class=\" wd-rs-665db12e45c6d wd-info-box wd-wpb text-left box-icon-align-top box-style- color-scheme- wd-bg-none vc_custom_1717416260873\">\n\t\t\t\t\t\t\t\t\t\t<div class=\"info-box-content\">\n\t\t\t\t\t\t<h4 class=\"info-box-title title box-title-style-default wd-fontsize-s\">F\u00fchrung<br \/>\n<\/h4>\t\t\t\t\t\t<div class=\"info-box-inner reset-last-child\"><p>Erkennen Sie Ihren Guide an der blauen Kappe mit der Aufschrift \u201eVE Mundo\u201c und dem Mikrofon. Sie werden 15 Minuten vor Beginn der Tour im Gesch\u00e4ft Frutas y Verduras Do\u00f1a Carmen sein.<\/p>\n<\/div>\n\n\t\t\t\t\t\t\t\t\t\t\t<\/div>\n\n\t\t\t\t\t\n\t\t\t\t\t\t\t\t\t<\/div>\n\t\t\t<\/div>\n\t\t\t\t<div id=\"wd-665a582aa75e4\" class=\"wd-text-block wd-wpb reset-last-child wd-rs-665a582aa75e4 text-left \">\n\t\t\t<p><strong>Email:<\/strong>\u00a0\u00a0 contact @ vemundotour.com<br \/>\n<strong>Phone:<\/strong>\u00a0\u00a0 +57 324 248 3661<\/p>\n\t\t<\/div>\n\t\t[\/vc_column_inner][\/vc_row_inner]\n\t\t<div id=\"wd-665db1ac705e2\" class=\"title-wrapper wd-wpb wd-set-mb reset-last-child  wd-rs-665db1ac705e2 wd-title-color-default wd-title-style-default text-left vc_custom_1717416372970 wd-underline-colored\">\n\t\t\t\n\t\t\t<div class=\"liner-continer\">\n\t\t\t\t<h4 class=\"woodmart-title-container title  wd-font-weight- wd-fontsize-l\" >FRAGEN? KONTAKTIERE UNS<\/h4>\n\t\t\t\t\t\t\t<\/div>\n\t\t\t\n\t\t\t\n\t\t\t\n\t\t<\/div>\n\t\t\n\t\t\t\t<div id=\"wd-665db18a27613\" class=\"wd-text-block wd-wpb reset-last-child wd-rs-665db18a27613 text-left vc_custom_1717416359768\">\n\t\t\t<p>Wenn Sie Fragen oder Bedenken zu unseren Touren haben, kontaktieren Sie uns einfach direkt \u00fcber WhatsApp<\/p>\n\t\t<\/div>\n\t\t<div id=\"wd-65f9b2f16b960\" class=\" wd-rs-65f9b2f16b960  wd-button-wrapper text-center inline-element\"><a href=\"https:\/\/api.whatsapp.com\/send?phone=573242483661&amp;text=%C2%A1Hola%2C%20VE%20Mundo!%20%F0%9F%98%83%20Estoy%20list%40%20para%20una%20experiencia%20inolvidable%20y%20quiero%20reservar%20mi%20cupo%20para%20el%20tour%3A\" title=\"Contacto\" target=\"_blank\" class=\"btn btn-color-primary btn-style-default btn-shape-semi-round btn-size-default btn-icon-pos-right\" rel=\"noopener\">Whatsapp<span class=\"wd-btn-icon\"><span class=\"wd-icon fab fa-whatsapp\"><\/span><\/span><\/a><\/div>[\/vc_column][vc_column width=\u00bb1\/2&#8243; offset=\u00bbvc_col-lg-8 vc_col-md-8&#8243; wd_z_index=\u00bbno\u00bb woodmart_css_id=\u00bb6126118e36399&#8243; responsive_spacing=\u00bbeyJwYXJhbV90eXBlIjoid29vZG1hcnRfcmVzcG9uc2l2ZV9zcGFjaW5nIiwic2VsZWN0b3JfaWQiOiI2MTI2MTE4ZTM2Mzk5Iiwic2hvcnRjb2RlIjoidmNfY29sdW1uIiwiZGF0YSI6eyJ0YWJsZXQiOnt9LCJtb2JpbGUiOnt9fX0=\u00bb parallax_scroll=\u00bbno\u00bb mobile_bg_img_hidden=\u00bbno\u00bb tablet_bg_img_hidden=\u00bbno\u00bb woodmart_parallax=\u00bb0&#8243; woodmart_sticky_column=\u00bbfalse\u00bb mobile_reset_margin=\u00bbno\u00bb tablet_reset_margin=\u00bbno\u00bb][vc_raw_html]JTNDaWZyYW1lJTIwc3JjJTNEJTIyaHR0cHMlM0ElMkYlMkZ3d3cuZ29vZ2xlLmNvbSUyRm1hcHMlMkZkJTJGZW1iZWQlM0ZtaWQlM0QxT0RCd01xa0hBbno0aVI0N3B5M2oxN2c0ZFotU2wwYyUyNmhsJTNEZXMlMjZlaGJjJTNEMkUzMTJGJTIyJTIwd2lkdGglM0QlMjI2NDAlMjIlMjBoZWlnaHQlM0QlMjI0ODAlMjIlM0UlM0MlMkZpZnJhbWUlM0U=[\/vc_raw_html][\/vc_column][\/vc_row]<\/p>\n<\/div>","protected":false},"excerpt":{"rendered":"<p>[vc_row css=\u00bb.vc_custom_1629884823266{margin-bottom: 0px !important;}\u00bb wd_z_index=\u00bbno\u00bb woodmart_css_id=\u00bb612611951eaea\u00bb responsive_spacing=\u00bbeyJwYXJhbV90eXBlIjoid29vZG1hcnRfcmVzcG9uc2l2ZV9zcGFjaW5nIiwic2VsZWN0b3JfaWQiOiI2MTI2MTE5NTFlYWVhIiwic2hvcnRjb2RlIjoidmNfcm93IiwiZGF0YSI6eyJ0YWJsZXQiOnt9LCJtb2JpbGUiOnt9fX0=\u00bb mobile_bg_img_hidden=\u00bbno\u00bb tablet_bg_img_hidden=\u00bbno\u00bb woodmart_parallax=\u00bb0&#8243; woodmart_gradient_switch=\u00bbno\u00bb row_reverse_mobile=\u00bb0&#8243; row_reverse_tablet=\u00bb0&#8243; woodmart_disable_overflow=\u00bb0&#8243;][vc_column width=\u00bb1\/2&#8243; css=\u00bb.vc_custom_1629884819677{margin-bottom: 35px !important;padding-top: 10px !important;}\u00bb<\/p>\n","protected":false},"author":1,"featured_media":0,"parent":0,"menu_order":0,"comment_status":"closed","ping_status":"closed","template":"","meta":{"footnotes":""},"class_list":["post-5322","page","type-page","status-publish","hentry"],"_links":{"self":[{"href":"https:\/\/vemundotour.com\/de\/wp-json\/wp\/v2\/pages\/5322","targetHints":{"allow":["GET"]}}],"collection":[{"href":"https:\/\/vemundotour.com\/de\/wp-json\/wp\/v2\/pages"}],"about":[{"href":"https:\/\/vemundotour.com\/de\/wp-json\/wp\/v2\/types\/page"}],"author":[{"embeddable":true,"href":"https:\/\/vemundotour.com\/de\/wp-json\/wp\/v2\/users\/1"}],"replies":[{"embeddable":true,"href":"https:\/\/vemundotour.com\/de\/wp-json\/wp\/v2\/comments?post=5322"}],"version-history":[{"count":0,"href":"https:\/\/vemundotour.com\/de\/wp-json\/wp\/v2\/pages\/5322\/revisions"}],"wp:attachment":[{"href":"https:\/\/vemundotour.com\/de\/wp-json\/wp\/v2\/media?parent=5322"}],"curies":[{"name":"wp","href":"https:\/\/api.w.org\/{rel}","templated":true}]}}