{"id":11938,"date":"2024-05-18T16:21:22","date_gmt":"2024-05-18T21:21:22","guid":{"rendered":"https:\/\/vemundotour.com\/de\/?page_id=11938"},"modified":"2024-06-02T19:38:32","modified_gmt":"2024-06-03T00:38:32","slug":"rechtliches","status":"publish","type":"page","link":"https:\/\/vemundotour.com\/de\/rechtliches\/","title":{"rendered":"Rechtliches"},"content":{"rendered":"<div class=\"wpb-content-wrapper\"><p>[vc_row][vc_column]\t\t<div id=\"wd-665d10216f5de\" class=\"wd-text-block wd-wpb reset-last-child wd-rs-665d10216f5de text-left \">\n\t\t\t<p>Diese Nutzungsbedingungen regeln den Zugriff, die Navigation und die Nutzung dieser Website (im Folgenden \u201eWebsite\u201c).<\/p>\n<h4><strong>1.- Recht auf Information<\/strong><\/h4>\n<p>Wir informieren Sie, dass das Eigentum an der Website \u00fcber die Domain: https:\/\/VEMundoTour.com (im Folgenden \u201eWebsite\u201c) bei VE Digital liegt, mit der nationalen Tourismusregistriernummer Nr. 142619, in Bogot\u00e1, Kolumbien.<\/p>\n<p>Der Zugriff und\/oder die Nutzung der Website verleiht Ihnen den Status eines Benutzers, und Sie akzeptieren mit diesem Zugriff und\/oder dieser Nutzung diesen rechtlichen Hinweis.<\/p>\n<p>Der Benutzer (im Folgenden \u201eBenutzer\u201c) kann VE MUNDO \u00fcber VEMundoTour.com\/contacto kontaktieren.<\/p>\n<p>\u00d6ffentliche Verwaltungen, die VE MUNDO kontaktieren m\u00f6chten, m\u00fcssen dies per E-Mail an contacto@VE MundoTour.com tun.<\/p>\n<h4><strong>2.- Nutzung der Website<\/strong><\/h4>\n<p>Der Benutzer \u00fcbernimmt die Verantwortung f\u00fcr die Nutzung der VE MUNDO-Website. Die Website kann Zugriff auf eine Vielzahl von Texten, Grafiken, Zeichnungen, Designs, Fotos, Multimedia-Inhalten und Informationen (im Folgenden \u201eInhalte\u201c) von VE MUNDO oder Dritten bieten, auf die der Benutzer Zugriff haben kann.<\/p>\n<p>Der Benutzer verpflichtet sich, die \u00fcber die Website angebotenen Inhalte und Dienste angemessen zu nutzen und sie beispielsweise, aber nicht ausschlie\u00dflich, nicht zu folgenden Zwecken zu verwenden:<\/p>\n<p>(i) sich an unerlaubten, illegalen oder gegen Treu und Glauben und die \u00f6ffentliche Ordnung versto\u00dfenden Aktivit\u00e4ten zu beteiligen.<\/p>\n<p>(ii) die physischen und logischen Systeme der VE MUNDO-Website, ihrer Lieferanten oder Dritter zu besch\u00e4digen.<\/p>\n<p>(iii) Computerviren oder andere physische oder logische Systeme im Netzwerk einzuf\u00fchren oder zu verbreiten, die die oben genannten Sch\u00e4den verursachen k\u00f6nnen.<\/p>\n<p>(iv) zu versuchen, auf die Daten von VE MUNDO, Drittanbietern und anderen Benutzern zuzugreifen, diese zu verwenden und\/oder zu manipulieren.<\/p>\n<p>(v) die Inhalte zu reproduzieren oder zu kopieren, zu verteilen, den \u00f6ffentlichen Zugriff durch jegliche Form der \u00f6ffentlichen Kommunikation zu erm\u00f6glichen, sie umzuwandeln oder zu modifizieren, es sei denn, VE MUNDO hat dies genehmigt.<\/p>\n<p>(vi) L\u00f6schen, Ausblenden oder Manipulieren von Inhalten, die geistigen oder gewerblichen Eigentumsrechten unterliegen, sowie anderer Daten, die diese Rechte von VE MUNDO oder Dritten identifizieren und in die Inhalte integriert sind, sowie der technischen Schutzvorrichtungen oder jeglicher Informationsmechanismen, die in die Inhalte eingef\u00fcgt werden k\u00f6nnen.<\/p>\n<p>VE MUNDO weist darauf hin, dass die auf dieser Website enthaltenen Materialien nur zu Informationszwecken aufgenommen wurden und daher nicht ausreichen, um Entscheidungen zu treffen oder in einem bestimmten Fall Stellung zu beziehen.<\/p>\n<p>Der Benutzer muss ber\u00fccksichtigen, dass die auf dieser Website enthaltenen Materialien m\u00f6glicherweise nicht den aktuellsten gesetzlichen oder rechtswissenschaftlichen Stand zu den analysierten Themen widerspiegeln. Ebenso k\u00f6nnen diese Materialien ohne vorherige Ank\u00fcndigung ge\u00e4ndert, weiterentwickelt oder aktualisiert werden.<\/p>\n<p>VE MUNDO hat das Recht, jedes der oben genannten Verhaltensweisen gem\u00e4\u00df dem Gesetz zu untersuchen und zu melden sowie mit den Beh\u00f6rden bei der Untersuchung dieser Handlungen zusammenzuarbeiten.<\/p>\n<p>VE MUNDO kann den Zugriff auf die Website ohne vorherige Ank\u00fcndigung vor\u00fcbergehend aussetzen, um Wartungs-, Reparatur-, Aktualisierungs- oder Verbesserungsarbeiten durchzuf\u00fchren. Sofern die Umst\u00e4nde es erlauben, wird VE MUNDO den Benutzer jedoch rechtzeitig \u00fcber das geplante Datum der Aussetzung der Dienste informieren. VE MUNDO ist nicht f\u00fcr die Nutzung der auf der Website enthaltenen Inhalte durch Benutzer verantwortlich.<\/p>\n<h4><strong>3.- Geistiges und gewerbliches Eigentum<\/strong><\/h4>\n<p>Alle geistigen Eigentumsrechte an den Inhalten der Website und ihrem grafischen Design sind ausschlie\u00dfliches Eigentum von VE MUNDO oder eines Dritten, der die Nutzung dieser genehmigt hat. Daher ist VE MUNDO f\u00fcr die ausschlie\u00dfliche Aus\u00fcbung ihrer Nutzungsrechte verantwortlich. Aus diesem Grund und aufgrund der Bestimmungen der geltenden Gesetzgebung in Bezug auf geistige und gewerbliche Eigentumsrechte.<\/p>\n<p>VE MUNDO gew\u00e4hrt keinerlei Lizenzen oder Nutzungsgenehmigungen f\u00fcr seine geistigen und gewerblichen Eigentumsrechte oder sonstiges Eigentum oder Recht in Bezug auf die Website, die Dienste oder ihre Inhalte.<\/p>\n<p>Die Vervielf\u00e4ltigung und vor\u00fcbergehende Speicherung der Inhalte der Website ist zul\u00e4ssig, sofern dies f\u00fcr die Nutzung und Anzeige der Website von einem pers\u00f6nlichen Ger\u00e4t aus unbedingt erforderlich ist.<\/p>\n<p>Die Rechtm\u00e4\u00dfigkeit der geistigen oder gewerblichen Eigentumsrechte, die den von den Benutzern bereitgestellten Inhalten entsprechen, liegt ausschlie\u00dflich in der Verantwortung der Benutzer. Der Benutzer stellt VE MUNDO daher von allen Anspr\u00fcchen Dritter frei, die sich aus der unerlaubten Verwendung der Inhalte auf der Website ergeben.<\/p>\n<h4><strong>4.- Haftung und Garantien<\/strong><\/h4>\n<p>VE MUNDO erkl\u00e4rt, dass es im Rahmen seiner M\u00f6glichkeiten und des Stands der Technik die erforderlichen Ma\u00dfnahmen ergriffen hat, um das ordnungsgem\u00e4\u00dfe Funktionieren seiner Website sowie die Abwesenheit von Viren und sch\u00e4dlichen Komponenten zu gew\u00e4hrleisten. VE MUNDO kann jedoch nicht f\u00fcr Folgendes verantwortlich gemacht werden:<\/p>\n<p>(i) Die Kontinuit\u00e4t und Verf\u00fcgbarkeit der Inhalte und Dienste.<\/p>\n<p>(ii) Die Abwesenheit von Fehlern in den genannten Inhalten oder die Korrektur eventuell auftretender M\u00e4ngel.<\/p>\n<p>(iii) Die Abwesenheit von Viren und\/oder anderen sch\u00e4dlichen Komponenten.<\/p>\n<p>(iv) Sch\u00e4den oder Nachteile, die durch Personen verursacht werden, die gegen die Bestimmungen versto\u00dfen.<br \/>\nDie auf diesen Seiten zu findenden Beitr\u00e4ge dienen ausschlie\u00dflich Informationszwecken. VE MUNDO \u00fcbernimmt keine Garantie f\u00fcr die Vollst\u00e4ndigkeit, Richtigkeit und Aktualit\u00e4t der Inhalte.<\/p>\n<p>VE MUNDO \u00fcbernimmt keine Verantwortung f\u00fcr die auf der Website enthaltenen Links zu anderen Webseiten und kann den Benutzer auf andere Websites weiterleiten, \u00fcber die VE MUNDO keinerlei Kontrolle hat. Die Aufnahme von Links zu anderen Websites der Website bedeutet daher weder die Zustimmung zu deren Inhalten durch VE MUNDO noch das Bestehen irgendeiner Art von Verbindung zwischen VE MUNDO und seinen Eigent\u00fcmern. Daher greift der Benutzer auf die Inhalte unter seiner alleinigen Verantwortung und unter den f\u00fcr sie geltenden Nutzungsbedingungen zu.<\/p>\n<h4><strong>5.- Dauer und \u00c4nderung<\/strong><\/h4>\n<p>Dieser rechtliche Hinweis ist auf unbestimmte Zeit g\u00fcltig und VE MUNDO kann \u00c4nderungen an den darin angegebenen Bedingungen vornehmen, die ab dem Zeitpunkt seiner Ver\u00f6ffentlichung in Kraft treten.<\/p>\n<p>VE MUNDO kann sowohl die Inhalte und die bereitgestellten Dienste als auch die Art und Weise, wie sie lokalisiert oder pr\u00e4sentiert werden, l\u00f6schen, hinzuf\u00fcgen oder \u00e4ndern. Es gelten die Bedingungen, die zum Zeitpunkt des Zugriffs des Benutzers auf die VE MUNDO-Website ver\u00f6ffentlicht sind.<\/p>\n<p>Der Zugriff und\/oder die Nutzung der Website gelten als Zustimmung des Benutzers zu diesem rechtlichen Hinweis und seinen Bedingungen sowie gegebenenfalls zu den daran vorgenommenen \u00c4nderungen.<\/p>\n\t\t<\/div>\n\t\t[\/vc_column][\/vc_row]<\/p>\n<\/div>","protected":false},"excerpt":{"rendered":"<p>[vc_row][vc_column][\/vc_column][\/vc_row]<\/p>\n","protected":false},"author":1,"featured_media":0,"parent":0,"menu_order":0,"comment_status":"closed","ping_status":"closed","template":"","meta":{"footnotes":""},"class_list":["post-11938","page","type-page","status-publish","hentry"],"_links":{"self":[{"href":"https:\/\/vemundotour.com\/de\/wp-json\/wp\/v2\/pages\/11938","targetHints":{"allow":["GET"]}}],"collection":[{"href":"https:\/\/vemundotour.com\/de\/wp-json\/wp\/v2\/pages"}],"about":[{"href":"https:\/\/vemundotour.com\/de\/wp-json\/wp\/v2\/types\/page"}],"author":[{"embeddable":true,"href":"https:\/\/vemundotour.com\/de\/wp-json\/wp\/v2\/users\/1"}],"replies":[{"embeddable":true,"href":"https:\/\/vemundotour.com\/de\/wp-json\/wp\/v2\/comments?post=11938"}],"version-history":[{"count":0,"href":"https:\/\/vemundotour.com\/de\/wp-json\/wp\/v2\/pages\/11938\/revisions"}],"wp:attachment":[{"href":"https:\/\/vemundotour.com\/de\/wp-json\/wp\/v2\/media?parent=11938"}],"curies":[{"name":"wp","href":"https:\/\/api.w.org\/{rel}","templated":true}]}}