{"id":11514,"date":"2024-03-22T14:57:53","date_gmt":"2024-03-22T18:57:53","guid":{"rendered":"https:\/\/vemundotour.com\/de\/?page_id=11514"},"modified":"2024-06-02T19:40:46","modified_gmt":"2024-06-03T00:40:46","slug":"geschaftsbedingungen","status":"publish","type":"page","link":"https:\/\/vemundotour.com\/de\/geschaftsbedingungen\/","title":{"rendered":"Gesch\u00e4ftsbedingungen"},"content":{"rendered":"<div class=\"wpb-content-wrapper\"><p>[vc_row][vc_column]\t\t<div id=\"wd-665d10f3db4f1\" class=\"wd-text-block wd-wpb reset-last-child wd-rs-665d10f3db4f1 text-left \">\n\t\t\t<p>Willkommen bei VE World! Wir freuen uns, Sie auf Ihren Abenteuern rund um die Welt zu begleiten. Wir m\u00f6chten, dass Sie jedes Erlebnis, das Sie mit uns machen, in vollen Z\u00fcgen genie\u00dfen. Es ist jedoch wichtig, dass Sie diese Gesch\u00e4ftsbedingungen lesen, um sicherzustellen, dass Sie unsere Verpflichtungen und Beschr\u00e4nkungen verstehen:<\/p>\n<ol>\n<li><strong>Dienstvermittlung<\/strong>\u00a0: Wir fungieren als Vermittler zwischen Ihnen und Dienstleistern wie Hotels, Restaurants, Fluggesellschaften und anderen. Obwohl wir uns bem\u00fchen, Ihre Zufriedenheit zu garantieren, k\u00f6nnen wir nicht f\u00fcr unvorhergesehene Ereignisse wie Versp\u00e4tungen, Streiks oder Ereignisse h\u00f6herer Gewalt verantwortlich gemacht werden, die Ihre Reise beeintr\u00e4chtigen k\u00f6nnten.<\/li>\n<li><strong>Beschr\u00e4nkte Haftung<\/strong>\u00a0: Wir \u00fcbernehmen keine Verantwortung f\u00fcr Verluste, Sch\u00e4den oder Unf\u00e4lle, die durch Dritte oder Umst\u00e4nde au\u00dferhalb unserer Kontrolle verursacht werden. Wir verpflichten uns jedoch, die vereinbarten Dienstleistungen zu erbringen und Ihnen das bestm\u00f6gliche Erlebnis zu bieten.<\/li>\n<li><strong>Pers\u00f6nliche Dokumente<\/strong>\u00a0: Es liegt in der Verantwortung jedes Reisenden, die gem\u00e4\u00df den \u00f6rtlichen Gesetzen erforderlichen pers\u00f6nlichen Dokumente mitzuf\u00fchren. Stellen Sie sicher, dass Sie alle erforderlichen Dokumente haben, bevor Sie Ihre Reise antreten.<\/li>\n<li><strong>Lebensmittelkonsum und -sicherheit<\/strong>\u00a0: Indem Sie an unseren kulinarischen Touren teilnehmen, verstehen und akzeptieren Sie, dass wir nicht f\u00fcr w\u00e4hrend der Tour konsumierte Lebensmittel oder Getr\u00e4nke verantwortlich sind. Dar\u00fcber hinaus verzichten Sie auf jegliche Haftungsanspr\u00fcche gegen\u00fcber VE Mundo f\u00fcr Unf\u00e4lle, Verletzungen oder andere Verluste, die w\u00e4hrend der Tour auftreten k\u00f6nnen.<\/li>\n<li><strong>Verwendung von Bildern und Erfahrungsberichten<\/strong>\u00a0: Indem Sie an unseren Erlebnissen teilnehmen, erteilen Sie VE Mundo das Recht, w\u00e4hrend der Tour aufgenommene Fotos, Videos oder andere Bilder zu verwenden. Wir behalten uns das Recht vor, diese Bilder zu Werbezwecken zu ver\u00f6ffentlichen oder zu vermarkten.<\/li>\n<li><strong>Reiseversicherung:<\/strong>\u00a0Wir empfehlen allen unseren Reisenden dringend, eine Reiseversicherung abzuschlie\u00dfen, bevor sie an einem unserer Erlebnisse teilnehmen. Obwohl wir bei VE Mundo bestrebt sind, die Sicherheit und das Wohlbefinden unserer Kunden zu gew\u00e4hrleisten, ist es wichtig zu beachten, dass wir im Rahmen unserer Dienstleistungen keine Reiseversicherung anbieten. Daher liegt die gesamte Verantwortung im Falle von Eventualit\u00e4ten w\u00e4hrend der Reise beim Reisenden. Eine angemessene Reiseversicherung kann Ihnen im Falle eines medizinischen Notfalls, einer Reisestornierung, eines verlorenen Gep\u00e4cks oder anderer unvorhergesehener Ereignisse Seelenfrieden und Schutz bieten. Wir empfehlen Ihnen, die Bedingungen Ihrer Versicherungspolice sorgf\u00e4ltig zu pr\u00fcfen und sicherzustellen, dass sie alle Ihre Bed\u00fcrfnisse w\u00e4hrend Ihres Aufenthalts in Kolumbien abdeckt. Machen Sie sich bereit f\u00fcr Ihr Abenteuer mit VE Mundo und reisen Sie mit v\u00f6lliger Sorgenfreiheit!<\/li>\n<\/ol>\n\t\t<\/div>\n\t\t[\/vc_column][\/vc_row]<\/p>\n<\/div>","protected":false},"excerpt":{"rendered":"<p>[vc_row][vc_column][\/vc_column][\/vc_row]<\/p>\n","protected":false},"author":1,"featured_media":0,"parent":0,"menu_order":0,"comment_status":"closed","ping_status":"closed","template":"","meta":{"footnotes":""},"class_list":["post-11514","page","type-page","status-publish","hentry"],"_links":{"self":[{"href":"https:\/\/vemundotour.com\/de\/wp-json\/wp\/v2\/pages\/11514","targetHints":{"allow":["GET"]}}],"collection":[{"href":"https:\/\/vemundotour.com\/de\/wp-json\/wp\/v2\/pages"}],"about":[{"href":"https:\/\/vemundotour.com\/de\/wp-json\/wp\/v2\/types\/page"}],"author":[{"embeddable":true,"href":"https:\/\/vemundotour.com\/de\/wp-json\/wp\/v2\/users\/1"}],"replies":[{"embeddable":true,"href":"https:\/\/vemundotour.com\/de\/wp-json\/wp\/v2\/comments?post=11514"}],"version-history":[{"count":0,"href":"https:\/\/vemundotour.com\/de\/wp-json\/wp\/v2\/pages\/11514\/revisions"}],"wp:attachment":[{"href":"https:\/\/vemundotour.com\/de\/wp-json\/wp\/v2\/media?parent=11514"}],"curies":[{"name":"wp","href":"https:\/\/api.w.org\/{rel}","templated":true}]}}